{"id":782,"date":"2025-05-07T12:32:10","date_gmt":"2025-05-07T12:32:10","guid":{"rendered":"https:\/\/www.muzejnirecyklace.cz\/?page_id=782"},"modified":"2025-09-05T05:49:48","modified_gmt":"2025-09-05T05:49:48","slug":"sdgsdf","status":"publish","type":"page","link":"https:\/\/www.muzejnirecyklace.cz\/?page_id=782","title":{"rendered":"V\u00fdsledky sout\u011b\u017e\u00ed 2024"},"content":{"rendered":"\n<div class=\"wp-block-columns alignwide is-layout-flex wp-container-3\">\n<div class=\"wp-block-column is-vertically-aligned-top is-layout-flow\">\n<h3 class=\"wp-block-heading has-accent-color has-text-color\">Recykla\u010dn\u00ed v\u00edkend<\/h3>\n\n\n\n<p><a href=\"https:\/\/www.ntm.cz\/file\/402dba1e56d3d1e542572c2dd5326b87\/10531\/ventil%C3%A1tor_1.jpg\"><\/a>Recykla\u010dn\u00ed v\u00edkend 2024 prob\u011bhl op\u011bt \u00fasp\u011b\u0161n\u011b. N\u00e1rodn\u00ed technick\u00e9 muzeum z\u00edskalo za 10 let kon\u00e1n\u00ed&nbsp;Recykla\u010dn\u00edch v\u00edkend\u016f&nbsp;136 sb\u00edrkov\u00fdch p\u0159edm\u011bt\u016f.<\/p>\n\n\n\n<figure class=\"wp-block-image size-large\"><img decoding=\"async\" loading=\"lazy\" width=\"800\" height=\"1080\" src=\"https:\/\/www.muzejnirecyklace.cz\/wp-content\/uploads\/2025\/05\/ventilator_1-800x1080.jpg\" alt=\"\" class=\"wp-image-787\" srcset=\"https:\/\/www.muzejnirecyklace.cz\/wp-content\/uploads\/2025\/05\/ventilator_1-800x1080.jpg 800w, https:\/\/www.muzejnirecyklace.cz\/wp-content\/uploads\/2025\/05\/ventilator_1-222x300.jpg 222w, https:\/\/www.muzejnirecyklace.cz\/wp-content\/uploads\/2025\/05\/ventilator_1-111x150.jpg 111w, https:\/\/www.muzejnirecyklace.cz\/wp-content\/uploads\/2025\/05\/ventilator_1-768x1037.jpg 768w, https:\/\/www.muzejnirecyklace.cz\/wp-content\/uploads\/2025\/05\/ventilator_1.jpg 948w\" sizes=\"(max-width: 800px) 100vw, 800px\" \/><\/figure>\n\n\n\n<p>O&nbsp;v\u00edkendu 11. a\u017e 13. \u0159\u00edjna 2024 prob\u011bhl ji\u017e des\u00e1t\u00fd jubilejn\u00ed&nbsp;Recykla\u010dn\u00ed v\u00edkend, kter\u00fd po\u0159\u00e1d\u00e1 NTM&nbsp;ve spolupr\u00e1ci s&nbsp;kolektivn\u00edm syst\u00e9mem Elektrowin. Osv\u011bd\u010dilo se, \u017ee se kon\u00e1 v&nbsp;posledn\u00edch letech online. Do akce se zapojilo p\u0159es 70 z\u00e1jemc\u016f, kte\u0159\u00ed nab\u00eddli vyslou\u017eil\u00e9 spot\u0159ebi\u010de. Do sb\u00edrek NTM bylo vybr\u00e1no 6 p\u0159edm\u011bt\u016f:<\/p>\n\n\n\n<ul>\n<li>P\u0159enosn\u00e1 pra\u010dka Klad z&nbsp;po\u010d\u00e1tku 60. let 20. stolet\u00ed<\/li>\n\n\n\n<li>Holic\u00ed strojek B 530 s&nbsp;p\u016fvodn\u00edm obalem, Novoborsk\u00e9 stroj\u00edrny, n. p., druh\u00e1 pol. 50. let 20. stolet\u00ed<\/li>\n\n\n\n<li>Elektrick\u00fd ventil\u00e1tor, rok v\u00fdroby 1918\u20131925<\/li>\n\n\n\n<li>Vysou\u0161e\u010d vlas\u016f EM 521 \u2013 Novoborsk\u00e9 stroj\u00edrny, n. p., p\u016fvodn\u00ed obal a&nbsp;kupn\u00ed doklady, zakoupen v&nbsp;Nov\u00e9m Boru v&nbsp;Dom\u00e1c\u00edch pot\u0159eb\u00e1ch, duben 1963<\/li>\n\n\n\n<li>Elektrick\u00e9 v\u00e1no\u010dn\u00ed osv\u011btlen\u00ed Perla, v\u00fdroba Zlatokov krajsk\u00fd podnik Tren\u010d\u00edn, 1966<\/li>\n\n\n\n<li>Hrncov\u00fd Vysava\u010d Vampyr z&nbsp;roku 1936<\/li>\n<\/ul>\n<\/div>\n\n\n\n<div class=\"wp-block-column is-layout-flow\">\n<h3 class=\"wp-block-heading has-accent-color has-text-color\">M\u00e1te doma muzejn\u00ed kousek?<\/h3>\n\n\n\n<p><strong>Vyhl\u00e1\u0161en\u00ed \u201eNej\u201c Muzejn\u00edho kousku roku 2024<\/strong><\/p>\n\n\n\n<p>Celkov\u00fdm v\u00fdhercem uplynul\u00e9ho ro\u010dn\u00edku na\u0161\u00ed internetov\u00e9 sout\u011b\u017ee a v\u00fdb\u011brov\u00e9ho programu \u201eRecykla\u010dn\u00ed v\u00edkend\u201c \u2013 tedy \u201eNej\u201c muzejn\u00edm kouskem roku se stal hrncov\u00fd vysava\u010d n\u011bmeck\u00e9 v\u00fdroby AEG s&nbsp;ozna\u010den\u00edm Vampyr z&nbsp;roku 1936. Do muzea byl p\u0159ed\u00e1n v\u010detn\u011b dochovan\u00e9ho dodac\u00edho listu, ze&nbsp;kter\u00e9ho vypl\u00fdv\u00e1, \u017ee vysava\u010d byl zakoupen panem Bed\u0159ichem Dolej\u0161\u00edm bytem Veletr\u017en\u00ed t\u0159\u00edda Praha 7 v&nbsp;dubnu 1936. <\/p>\n\n\n\n<figure class=\"wp-block-image size-full is-resized\"><img decoding=\"async\" loading=\"lazy\" src=\"https:\/\/www.muzejnirecyklace.cz\/wp-content\/uploads\/2025\/05\/Vampyr.jpg\" alt=\"\" class=\"wp-image-788\" width=\"579\" height=\"719\" srcset=\"https:\/\/www.muzejnirecyklace.cz\/wp-content\/uploads\/2025\/05\/Vampyr.jpg 635w, https:\/\/www.muzejnirecyklace.cz\/wp-content\/uploads\/2025\/05\/Vampyr-241x300.jpg 241w, https:\/\/www.muzejnirecyklace.cz\/wp-content\/uploads\/2025\/05\/Vampyr-121x150.jpg 121w\" sizes=\"(max-width: 579px) 100vw, 579px\" \/><figcaption class=\"wp-element-caption\">V\u00fdrobce AEG s&nbsp;ozna\u010dn\u00edm Vampyr &#8211; zakoupen\u00fd roku 1936<\/figcaption><\/figure>\n\n\n\n<p>Tentokr\u00e1t to k\u00a0n\u00e1m vysava\u010d nem\u011bl daleko, o to jsme rad\u011bji, \u017ee na\u0161e sb\u00edrky doplnil. D\u00e1rci v\u00edt\u011bzn\u00e9ho p\u0159edm\u011btu panu Ji\u0159\u00edmu Bergerovi v\u00a0prostor\u00e1ch expozice NTM Technika v\u00a0dom\u00e1cnosti p\u0159edal poukaz na n\u00e1kup spot\u0159ebn\u00edho zbo\u017e\u00ed v\u00a0hodnot\u011b 5000,- K\u010d p\u0159edseda p\u0159edstavenstva spolupracuj\u00edc\u00edho ELEKTROWINU Ing. Roman Tvrzn\u00edk. Gener\u00e1ln\u00ed \u0159editel NTM Mgr. Karel Ksandr d\u00e1rci v\u011bnoval jako pod\u011bkov\u00e1n\u00ed publikace z\u00a0produkce muzea.<\/p>\n\n\n\n<figure class=\"wp-block-image size-large is-resized\"><img decoding=\"async\" loading=\"lazy\" src=\"https:\/\/www.muzejnirecyklace.cz\/wp-content\/uploads\/2025\/05\/uctenka-794x1080.jpg\" alt=\"\" class=\"wp-image-789\" width=\"579\" height=\"787\" srcset=\"https:\/\/www.muzejnirecyklace.cz\/wp-content\/uploads\/2025\/05\/uctenka-794x1080.jpg 794w, https:\/\/www.muzejnirecyklace.cz\/wp-content\/uploads\/2025\/05\/uctenka-220x300.jpg 220w, https:\/\/www.muzejnirecyklace.cz\/wp-content\/uploads\/2025\/05\/uctenka-110x150.jpg 110w, https:\/\/www.muzejnirecyklace.cz\/wp-content\/uploads\/2025\/05\/uctenka-768x1045.jpg 768w, https:\/\/www.muzejnirecyklace.cz\/wp-content\/uploads\/2025\/05\/uctenka.jpg 815w\" sizes=\"(max-width: 579px) 100vw, 579px\" \/><figcaption class=\"wp-element-caption\">Origin\u00e1ln\u00ed \u00fa\u010dtenka k vysava\u010di<\/figcaption><\/figure>\n<\/div>\n<\/div>\n\n\n\n<p><\/p>\n","protected":false},"excerpt":{"rendered":"<p>Recykla\u010dn\u00ed v\u00edkend Recykla\u010dn\u00ed v\u00edkend 2024 prob\u011bhl op\u011bt \u00fasp\u011b\u0161n\u011b. N\u00e1rodn\u00ed technick\u00e9 muzeum z\u00edskalo za 10 let kon\u00e1n\u00ed&nbsp;Recykla\u010dn\u00edch v\u00edkend\u016f&nbsp;136 sb\u00edrkov\u00fdch p\u0159edm\u011bt\u016f. O&nbsp;v\u00edkendu 11. a\u017e 13. \u0159\u00edjna 2024 prob\u011bhl ji\u017e des\u00e1t\u00fd jubilejn\u00ed&nbsp;Recykla\u010dn\u00ed v\u00edkend, kter\u00fd po\u0159\u00e1d\u00e1 NTM&nbsp;ve spolupr\u00e1ci s&nbsp;kolektivn\u00edm syst\u00e9mem Elektrowin. Osv\u011bd\u010dilo se, \u017ee se kon\u00e1 v&nbsp;posledn\u00edch letech online. Do akce se zapojilo p\u0159es 70 z\u00e1jemc\u016f, kte\u0159\u00ed nab\u00eddli vyslou\u017eil\u00e9 [&hellip;]<\/p>\n","protected":false},"author":2,"featured_media":0,"parent":0,"menu_order":0,"comment_status":"closed","ping_status":"closed","template":"","meta":[],"_links":{"self":[{"href":"https:\/\/www.muzejnirecyklace.cz\/index.php?rest_route=\/wp\/v2\/pages\/782"}],"collection":[{"href":"https:\/\/www.muzejnirecyklace.cz\/index.php?rest_route=\/wp\/v2\/pages"}],"about":[{"href":"https:\/\/www.muzejnirecyklace.cz\/index.php?rest_route=\/wp\/v2\/types\/page"}],"author":[{"embeddable":true,"href":"https:\/\/www.muzejnirecyklace.cz\/index.php?rest_route=\/wp\/v2\/users\/2"}],"replies":[{"embeddable":true,"href":"https:\/\/www.muzejnirecyklace.cz\/index.php?rest_route=%2Fwp%2Fv2%2Fcomments&post=782"}],"version-history":[{"count":4,"href":"https:\/\/www.muzejnirecyklace.cz\/index.php?rest_route=\/wp\/v2\/pages\/782\/revisions"}],"predecessor-version":[{"id":844,"href":"https:\/\/www.muzejnirecyklace.cz\/index.php?rest_route=\/wp\/v2\/pages\/782\/revisions\/844"}],"wp:attachment":[{"href":"https:\/\/www.muzejnirecyklace.cz\/index.php?rest_route=%2Fwp%2Fv2%2Fmedia&parent=782"}],"curies":[{"name":"wp","href":"https:\/\/api.w.org\/{rel}","templated":true}]}}