{"id":690,"date":"2023-10-20T10:20:10","date_gmt":"2023-10-20T10:20:10","guid":{"rendered":"https:\/\/www.muzejnirecyklace.cz\/?page_id=690"},"modified":"2024-04-03T09:20:39","modified_gmt":"2024-04-03T09:20:39","slug":"vysledky-soutezi-2023","status":"publish","type":"page","link":"https:\/\/www.muzejnirecyklace.cz\/?page_id=690","title":{"rendered":"V\u00fdsledky sout\u011b\u017e\u00ed 2023"},"content":{"rendered":"\n<div class=\"wp-block-columns alignwide is-layout-flex wp-container-3\">\n<div class=\"wp-block-column is-layout-flow\">\n<h3 class=\"wp-block-heading has-accent-color has-text-color\">Recykla\u010dn\u00ed v\u00edkend<\/h3>\n\n\n\n<h5 class=\"wp-block-heading has-accent-color has-text-color\">Recykla\u010dn\u00ed v\u00edkend 2023<\/h5>\n\n\n\n<p class=\"has-normal-font-size\">R\u00e1di bychom se s&nbsp;v\u00e1mi pod\u011blili o neb\u00fdval\u00fd \u00fasp\u011bch pr\u00e1v\u011b prob\u011bhl\u00e9ho Recykla\u010dn\u00edho v\u00edkendu. Od minul\u00e9ho p\u00e1tku do ned\u011ble jsme v&nbsp;r\u00e1mci na\u0161eho v\u00fdb\u011brov\u00e9ho programu zaznamenali v\u00edce jak 100 \u00fa\u010dastn\u00edk\u016f, z&nbsp;nich\u017e mnoho z&nbsp;nich do sb\u00edrek nab\u00eddlo v\u00edce ne\u017e jeden spot\u0159ebi\u010d. M\u011bli jsme tak opravdu z&nbsp;\u010deho vyb\u00edrat. <\/p>\n\n\n\n<figure class=\"wp-block-image size-large\"><img decoding=\"async\" loading=\"lazy\" width=\"995\" height=\"1014\" src=\"https:\/\/www.muzejnirecyklace.cz\/wp-content\/uploads\/2023\/10\/lesticka-Esa_navod.jpg\" alt=\"\" class=\"wp-image-691\" srcset=\"https:\/\/www.muzejnirecyklace.cz\/wp-content\/uploads\/2023\/10\/lesticka-Esa_navod.jpg 995w, https:\/\/www.muzejnirecyklace.cz\/wp-content\/uploads\/2023\/10\/lesticka-Esa_navod-294x300.jpg 294w, https:\/\/www.muzejnirecyklace.cz\/wp-content\/uploads\/2023\/10\/lesticka-Esa_navod-147x150.jpg 147w, https:\/\/www.muzejnirecyklace.cz\/wp-content\/uploads\/2023\/10\/lesticka-Esa_navod-768x783.jpg 768w\" sizes=\"(max-width: 995px) 100vw, 995px\" \/><figcaption class=\"wp-element-caption\">le\u0161ti\u010dka Esa &#8211; n\u00e1vod<\/figcaption><\/figure>\n\n\n\n<p class=\"has-normal-font-size\">P\u0159esto\u017ee n\u00e1s ji\u017e jen tak n\u011bco neohrom\u00ed, vybrali jsme pro dopln\u011bn\u00ed na\u0161\u00edch sb\u00edrek 9 velmi zaj\u00edmav\u00fdch p\u0159edm\u011bt\u016f. Mezi nimi se nach\u00e1z\u00ed k\u00e1vovar na p\u0159ekap\u00e1vanou k\u00e1vu Eta z&nbsp;poloviny 80. let minul\u00e9ho stolet\u00ed dochovan\u00fd v&nbsp;p\u016fvodn\u00ed krabici s&nbsp;kupn\u00ed dokumentac\u00ed nebo le\u0161ti\u010dka parket firmy Esa z&nbsp;po\u010d\u00e1tku 50. let 20. stolet\u00ed. <\/p>\n\n\n\n<figure class=\"wp-block-image size-large\"><img decoding=\"async\" loading=\"lazy\" width=\"1631\" height=\"1080\" src=\"https:\/\/www.muzejnirecyklace.cz\/wp-content\/uploads\/2023\/10\/Zehlic_Maytag_2-1631x1080.jpg\" alt=\"\" class=\"wp-image-692\" srcset=\"https:\/\/www.muzejnirecyklace.cz\/wp-content\/uploads\/2023\/10\/Zehlic_Maytag_2-1631x1080.jpg 1631w, https:\/\/www.muzejnirecyklace.cz\/wp-content\/uploads\/2023\/10\/Zehlic_Maytag_2-300x199.jpg 300w, https:\/\/www.muzejnirecyklace.cz\/wp-content\/uploads\/2023\/10\/Zehlic_Maytag_2-150x99.jpg 150w, https:\/\/www.muzejnirecyklace.cz\/wp-content\/uploads\/2023\/10\/Zehlic_Maytag_2-768x509.jpg 768w, https:\/\/www.muzejnirecyklace.cz\/wp-content\/uploads\/2023\/10\/Zehlic_Maytag_2-1536x1017.jpg 1536w, https:\/\/www.muzejnirecyklace.cz\/wp-content\/uploads\/2023\/10\/Zehlic_Maytag_2-2048x1356.jpg 2048w, https:\/\/www.muzejnirecyklace.cz\/wp-content\/uploads\/2023\/10\/Zehlic_Maytag_2-1200x795.jpg 1200w, https:\/\/www.muzejnirecyklace.cz\/wp-content\/uploads\/2023\/10\/Zehlic_Maytag_2-1980x1311.jpg 1980w\" sizes=\"(max-width: 1631px) 100vw, 1631px\" \/><figcaption class=\"wp-element-caption\">\u017dehli\u010d od firmy Maytag<\/figcaption><\/figure>\n\n\n\n<p class=\"has-normal-font-size\">Nejzaj\u00edmav\u011bj\u0161\u00edm p\u0159\u00edr\u016fstkem pro sb\u00edrky je pak dom\u00e1c\u00ed mandl nebo-li \u017eehli\u010d americk\u00e9 zna\u010dky Maytag z&nbsp;druh\u00e9 poloviny 30. let minul\u00e9ho stolet\u00ed. Ve st\u00e1l\u00e9 expozici sb\u00edrky Technika v&nbsp;dom\u00e1cnosti m\u016f\u017eete vid\u011bt pra\u010dku t\u00e9to zna\u010dky, ale \u017eehli\u010d jsme doposud nem\u011bli p\u0159\u00edle\u017eitost do sb\u00edrky za\u0159adit. <\/p>\n\n\n\n<p><\/p>\n\n\n\n<figure class=\"wp-block-image size-large\"><img decoding=\"async\" loading=\"lazy\" width=\"752\" height=\"1000\" src=\"https:\/\/www.muzejnirecyklace.cz\/wp-content\/uploads\/2023\/10\/Vysavac-Elektrolux_2.jpg\" alt=\"\" class=\"wp-image-693\" srcset=\"https:\/\/www.muzejnirecyklace.cz\/wp-content\/uploads\/2023\/10\/Vysavac-Elektrolux_2.jpg 752w, https:\/\/www.muzejnirecyklace.cz\/wp-content\/uploads\/2023\/10\/Vysavac-Elektrolux_2-226x300.jpg 226w, https:\/\/www.muzejnirecyklace.cz\/wp-content\/uploads\/2023\/10\/Vysavac-Elektrolux_2-113x150.jpg 113w\" sizes=\"(max-width: 752px) 100vw, 752px\" \/><figcaption class=\"wp-element-caption\">Vysava\u010d Elektrolux<\/figcaption><\/figure>\n\n\n\n<p class=\"has-normal-font-size\">Nem\u011bli bychom zapomenout ani na dvojici spot\u0159ebi\u010d\u016f zna\u010dky Elektrolux a to vysava\u010d z&nbsp;roku 1936 a lednici z&nbsp;po\u010d\u00e1tku 40. let minul\u00e9ho stolet\u00ed, p\u0159i\u010dem\u017e oba p\u0159edm\u011bty nesou z\u00e1rove\u0148 zaznamen\u00e1n\u00ed hodn\u00e9 u\u017eivatelsk\u00e9 p\u0159\u00edb\u011bhy. &nbsp;<\/p>\n<\/div>\n\n\n\n<div class=\"wp-block-column is-layout-flow\">\n<h3 class=\"wp-block-heading has-accent-color has-text-color\">M\u00e1te doma muzejn\u00ed kousek?<\/h3>\n\n\n\n<h5 class=\"wp-block-heading has-accent-color has-text-color\">Muzejn\u00ed kousek roku 2023<\/h5>\n\n\n\n<p class=\"has-normal-font-size\">V\u00fdhercem uplynul\u00e9ho ro\u010dn\u00edku na\u0161\u00ed internetov\u00e9 sout\u011b\u017ee, tedy \u201eNej\u201c Muzejn\u00edm kouskem roku se stal dom\u00e1c\u00ed elektrick\u00fd \u017eehli\u010d americk\u00e9 v\u00fdroby Maytag. \u017dehli\u010d byl po\u0159\u00edzen rodinou majitele textiln\u00ed tov\u00e1rny v\u00a0Polici nad Metuj\u00ed n\u011bkdy na konci\u00a0druh\u00e9 poloviny 30. let 20. stolet\u00ed. <\/p>\n\n\n\n<figure class=\"wp-block-image size-large is-resized\"><img decoding=\"async\" loading=\"lazy\" src=\"https:\/\/www.muzejnirecyklace.cz\/wp-content\/uploads\/2024\/04\/zehlic-Maytag_1-1037x1080.jpg\" alt=\"\u017dehli\u010d Maytag\" class=\"wp-image-711\" width=\"579\" height=\"603\" srcset=\"https:\/\/www.muzejnirecyklace.cz\/wp-content\/uploads\/2024\/04\/zehlic-Maytag_1-1037x1080.jpg 1037w, https:\/\/www.muzejnirecyklace.cz\/wp-content\/uploads\/2024\/04\/zehlic-Maytag_1-288x300.jpg 288w, https:\/\/www.muzejnirecyklace.cz\/wp-content\/uploads\/2024\/04\/zehlic-Maytag_1-144x150.jpg 144w, https:\/\/www.muzejnirecyklace.cz\/wp-content\/uploads\/2024\/04\/zehlic-Maytag_1-768x800.jpg 768w, https:\/\/www.muzejnirecyklace.cz\/wp-content\/uploads\/2024\/04\/zehlic-Maytag_1-1475x1536.jpg 1475w, https:\/\/www.muzejnirecyklace.cz\/wp-content\/uploads\/2024\/04\/zehlic-Maytag_1-1967x2048.jpg 1967w, https:\/\/www.muzejnirecyklace.cz\/wp-content\/uploads\/2024\/04\/zehlic-Maytag_1-1200x1249.jpg 1200w, https:\/\/www.muzejnirecyklace.cz\/wp-content\/uploads\/2024\/04\/zehlic-Maytag_1-1980x2061.jpg 1980w\" sizes=\"(max-width: 579px) 100vw, 579px\" \/><figcaption class=\"wp-element-caption\">\u017dehli\u010d Maytag &#8211; V\u00fdherce \u201eNej\u201c Muzejn\u00edho kousku roku 2023<\/figcaption><\/figure>\n\n\n\n<p class=\"has-normal-font-size\">Nejednalo se v\u0161ak o jedin\u00fd spot\u0159ebi\u010d, kter\u00fd n\u00e1m byl nab\u00eddnut. Ur\u010dit\u011b nesm\u00edme zapomenout na k\u00e1vovar Syda nebo t\u0159eba  na lednici Elektrolux. Ano, m\u016f\u017eeme \u0159\u00edci, \u017ee p\u0159esto\u017ee je na\u0161e sb\u00edrka rozs\u00e1hl\u00e1, st\u00e1le nach\u00e1z\u00edme n\u00e1dhern\u00e9 muzejn\u00ed kousky, kter\u00e9 ji nad\u00e1le zkvalit\u0148uj\u00ed a pom\u00e1haj\u00ed n\u00e1m v na\u0161em \u00fakolu zachytit rozvoj pr\u016fmyslu a techniky v na\u0161\u00ed zemi.<\/p>\n\n\n\n<figure class=\"wp-block-image size-large\"><img decoding=\"async\" loading=\"lazy\" width=\"928\" height=\"1080\" src=\"https:\/\/www.muzejnirecyklace.cz\/wp-content\/uploads\/2024\/04\/0071950__1-1-928x1080.jpg\" alt=\"\" class=\"wp-image-714\" srcset=\"https:\/\/www.muzejnirecyklace.cz\/wp-content\/uploads\/2024\/04\/0071950__1-1-928x1080.jpg 928w, https:\/\/www.muzejnirecyklace.cz\/wp-content\/uploads\/2024\/04\/0071950__1-1-258x300.jpg 258w, https:\/\/www.muzejnirecyklace.cz\/wp-content\/uploads\/2024\/04\/0071950__1-1-129x150.jpg 129w, https:\/\/www.muzejnirecyklace.cz\/wp-content\/uploads\/2024\/04\/0071950__1-1-768x894.jpg 768w, https:\/\/www.muzejnirecyklace.cz\/wp-content\/uploads\/2024\/04\/0071950__1-1-1319x1536.jpg 1319w, https:\/\/www.muzejnirecyklace.cz\/wp-content\/uploads\/2024\/04\/0071950__1-1-1759x2048.jpg 1759w, https:\/\/www.muzejnirecyklace.cz\/wp-content\/uploads\/2024\/04\/0071950__1-1-1200x1397.jpg 1200w, https:\/\/www.muzejnirecyklace.cz\/wp-content\/uploads\/2024\/04\/0071950__1-1-1980x2305.jpg 1980w\" sizes=\"(max-width: 928px) 100vw, 928px\" \/><figcaption class=\"wp-element-caption\">K\u00e1vovar Syda<\/figcaption><\/figure>\n\n\n\n<figure class=\"wp-block-image size-large\"><img decoding=\"async\" loading=\"lazy\" width=\"835\" height=\"1080\" src=\"https:\/\/www.muzejnirecyklace.cz\/wp-content\/uploads\/2024\/04\/IMG_20230921_132644_HDR-1-835x1080.jpg\" alt=\"\" class=\"wp-image-715\" srcset=\"https:\/\/www.muzejnirecyklace.cz\/wp-content\/uploads\/2024\/04\/IMG_20230921_132644_HDR-1-835x1080.jpg 835w, https:\/\/www.muzejnirecyklace.cz\/wp-content\/uploads\/2024\/04\/IMG_20230921_132644_HDR-1-232x300.jpg 232w, https:\/\/www.muzejnirecyklace.cz\/wp-content\/uploads\/2024\/04\/IMG_20230921_132644_HDR-1-116x150.jpg 116w, https:\/\/www.muzejnirecyklace.cz\/wp-content\/uploads\/2024\/04\/IMG_20230921_132644_HDR-1-768x994.jpg 768w, https:\/\/www.muzejnirecyklace.cz\/wp-content\/uploads\/2024\/04\/IMG_20230921_132644_HDR-1-1187x1536.jpg 1187w, https:\/\/www.muzejnirecyklace.cz\/wp-content\/uploads\/2024\/04\/IMG_20230921_132644_HDR-1-1583x2048.jpg 1583w, https:\/\/www.muzejnirecyklace.cz\/wp-content\/uploads\/2024\/04\/IMG_20230921_132644_HDR-1-1200x1553.jpg 1200w, https:\/\/www.muzejnirecyklace.cz\/wp-content\/uploads\/2024\/04\/IMG_20230921_132644_HDR-1-1980x2562.jpg 1980w, https:\/\/www.muzejnirecyklace.cz\/wp-content\/uploads\/2024\/04\/IMG_20230921_132644_HDR-1-scaled.jpg 1979w\" sizes=\"(max-width: 835px) 100vw, 835px\" \/><figcaption class=\"wp-element-caption\">Lednice Elektrolux<\/figcaption><\/figure>\n\n\n\n<p class=\"has-normal-font-size\">Velice si v\u00e1\u017e\u00edme podpory od V\u00e1s v\u0161ech, kte\u0159\u00ed jste se zapojili a\u0165 u\u017e se m\u00e1m V\u00e1\u0161 kousek do sb\u00edrek hodil nebo ne, je to pro n\u00e1s skv\u011bl\u00fd sign\u00e1l, \u017ee se m\u00e1te z\u00e1jem pod\u00edlet na budov\u00e1n\u00ed sb\u00edrky, kter\u00e1 zde z\u016fstane na\u0161im potomk\u016fm.<\/p>\n<\/div>\n<\/div>\n\n\n\n<p><\/p>\n","protected":false},"excerpt":{"rendered":"<p>Recykla\u010dn\u00ed v\u00edkend Recykla\u010dn\u00ed v\u00edkend 2023 R\u00e1di bychom se s&nbsp;v\u00e1mi pod\u011blili o neb\u00fdval\u00fd \u00fasp\u011bch pr\u00e1v\u011b prob\u011bhl\u00e9ho Recykla\u010dn\u00edho v\u00edkendu. Od minul\u00e9ho p\u00e1tku do ned\u011ble jsme v&nbsp;r\u00e1mci na\u0161eho v\u00fdb\u011brov\u00e9ho programu zaznamenali v\u00edce jak 100 \u00fa\u010dastn\u00edk\u016f, z&nbsp;nich\u017e mnoho z&nbsp;nich do sb\u00edrek nab\u00eddlo v\u00edce ne\u017e jeden spot\u0159ebi\u010d. M\u011bli jsme tak opravdu z&nbsp;\u010deho vyb\u00edrat. P\u0159esto\u017ee n\u00e1s ji\u017e jen tak n\u011bco neohrom\u00ed, [&hellip;]<\/p>\n","protected":false},"author":2,"featured_media":0,"parent":0,"menu_order":0,"comment_status":"closed","ping_status":"closed","template":"","meta":[],"_links":{"self":[{"href":"https:\/\/www.muzejnirecyklace.cz\/index.php?rest_route=\/wp\/v2\/pages\/690"}],"collection":[{"href":"https:\/\/www.muzejnirecyklace.cz\/index.php?rest_route=\/wp\/v2\/pages"}],"about":[{"href":"https:\/\/www.muzejnirecyklace.cz\/index.php?rest_route=\/wp\/v2\/types\/page"}],"author":[{"embeddable":true,"href":"https:\/\/www.muzejnirecyklace.cz\/index.php?rest_route=\/wp\/v2\/users\/2"}],"replies":[{"embeddable":true,"href":"https:\/\/www.muzejnirecyklace.cz\/index.php?rest_route=%2Fwp%2Fv2%2Fcomments&post=690"}],"version-history":[{"count":4,"href":"https:\/\/www.muzejnirecyklace.cz\/index.php?rest_route=\/wp\/v2\/pages\/690\/revisions"}],"predecessor-version":[{"id":786,"href":"https:\/\/www.muzejnirecyklace.cz\/index.php?rest_route=\/wp\/v2\/pages\/690\/revisions\/786"}],"wp:attachment":[{"href":"https:\/\/www.muzejnirecyklace.cz\/index.php?rest_route=%2Fwp%2Fv2%2Fmedia&parent=690"}],"curies":[{"name":"wp","href":"https:\/\/api.w.org\/{rel}","templated":true}]}}