{"id":592,"date":"2022-10-05T12:44:52","date_gmt":"2022-10-05T12:44:52","guid":{"rendered":"https:\/\/www.muzejnirecyklace.cz\/?page_id=592"},"modified":"2023-03-08T07:36:00","modified_gmt":"2023-03-08T07:36:00","slug":"tema","status":"publish","type":"page","link":"https:\/\/www.muzejnirecyklace.cz\/?page_id=592","title":{"rendered":"T\u00e9ma"},"content":{"rendered":"\n<h2 class=\"has-text-align-center has-accent-color has-text-color wp-block-heading\">Jak to bylo s remoskou ?<\/h2>\n\n\n\n<p>Mu\u017e, kter\u00fd st\u00e1l za konstrukc\u00ed remosky Ing. Old\u0159ich Homuta se narodil 11. ledna 1901 v&nbsp;Litom\u011b\u0159ic\u00edch. Do Prahy se p\u0159est\u011bhoval v&nbsp;roce 1921, po absolvov\u00e1n\u00ed vojensk\u00e9 slu\u017eby, kterou ukon\u010dil jako nadporu\u010d\u00edk v&nbsp;z\u00e1loze. Od za\u010d\u00e1tku jeho profesn\u00ed dr\u00e1hy byly jeho oborem motory, kter\u00fdm se v\u011bnoval i v&nbsp;r\u00e1mci vojensk\u00e9 slu\u017eby. Ve Zbrojn\u00edm pasu z&nbsp;roku 1931 je veden jako technick\u00fd \u00fa\u0159edn\u00edk, patrn\u011b tedy z\u00edsk\u00e1val zku\u0161enosti v&nbsp;n\u011bkter\u00e9 z pra\u017esk\u00fdch projek\u010dn\u00edch kancel\u00e1\u0159\u00ed. Na po\u010d\u00e1tku roku 1933 se o\u017eenil a cel\u00fd sv\u016fj dosp\u011bl\u00fd \u017eivot pro\u017eil v pra\u017esk\u00fdch Vyso\u010danech.<\/p>\n\n\n\n<figure class=\"wp-block-image size-large\"><img decoding=\"async\" loading=\"lazy\" width=\"1440\" height=\"1080\" src=\"https:\/\/www.muzejnirecyklace.cz\/wp-content\/uploads\/2022\/10\/1_Elektricky-hrnec-s-drevenou-rukojeti-vyroby-Elektra-Praha-20.-leta-20.-stoleti-1440x1080.jpg\" alt=\"\" class=\"wp-image-593\" srcset=\"https:\/\/www.muzejnirecyklace.cz\/wp-content\/uploads\/2022\/10\/1_Elektricky-hrnec-s-drevenou-rukojeti-vyroby-Elektra-Praha-20.-leta-20.-stoleti-1440x1080.jpg 1440w, https:\/\/www.muzejnirecyklace.cz\/wp-content\/uploads\/2022\/10\/1_Elektricky-hrnec-s-drevenou-rukojeti-vyroby-Elektra-Praha-20.-leta-20.-stoleti-300x225.jpg 300w, https:\/\/www.muzejnirecyklace.cz\/wp-content\/uploads\/2022\/10\/1_Elektricky-hrnec-s-drevenou-rukojeti-vyroby-Elektra-Praha-20.-leta-20.-stoleti-150x113.jpg 150w, https:\/\/www.muzejnirecyklace.cz\/wp-content\/uploads\/2022\/10\/1_Elektricky-hrnec-s-drevenou-rukojeti-vyroby-Elektra-Praha-20.-leta-20.-stoleti-768x576.jpg 768w, https:\/\/www.muzejnirecyklace.cz\/wp-content\/uploads\/2022\/10\/1_Elektricky-hrnec-s-drevenou-rukojeti-vyroby-Elektra-Praha-20.-leta-20.-stoleti-1536x1152.jpg 1536w, https:\/\/www.muzejnirecyklace.cz\/wp-content\/uploads\/2022\/10\/1_Elektricky-hrnec-s-drevenou-rukojeti-vyroby-Elektra-Praha-20.-leta-20.-stoleti-2048x1536.jpg 2048w, https:\/\/www.muzejnirecyklace.cz\/wp-content\/uploads\/2022\/10\/1_Elektricky-hrnec-s-drevenou-rukojeti-vyroby-Elektra-Praha-20.-leta-20.-stoleti-1200x900.jpg 1200w, https:\/\/www.muzejnirecyklace.cz\/wp-content\/uploads\/2022\/10\/1_Elektricky-hrnec-s-drevenou-rukojeti-vyroby-Elektra-Praha-20.-leta-20.-stoleti-1980x1485.jpg 1980w\" sizes=\"(max-width: 1440px) 100vw, 1440px\" \/><figcaption>Elektrick\u00fd hrnec s d\u0159ev\u011bnou rukojet\u00ed v\u00fdroby Elektra-Praha, 20. l\u00e9ta 20.<\/figcaption><\/figure>\n\n\n\n<p>V&nbsp;druh\u00e9 polovin\u011b roku 1937 se Homuta rozhodl osamostatnit a zalo\u017eil elektrotechnickou firmu Elhamo. Firma se v\u011bnovala p\u0159edev\u0161\u00edm oprav\u00e1m a servisu motor\u016f v\u0161ech typ\u016f (prov\u00e1d\u011bla servis a mont\u00e1\u017ee v\u00fdtahov\u00fdch motor\u016f a vinut\u00ed a zapojov\u00e1n\u00ed elektromotor\u016f). Firmu Elhamo neru\u0161en\u011b provozoval do roku 1949. B\u011bhem roku 1950 byla zn\u00e1rodn\u011bna a za\u010dlen\u011bna pod n\u00e1rodn\u00ed podnik Elektrosacia a pozd\u011bji za\u0159azena pod krajsk\u00fd elektropodnik REMOS (revize, elektro, mont\u00e1\u017ee, opravy, servis). V\u0161echny zm\u00edn\u011bn\u00e9 n\u00e1rodn\u00ed podniky p\u0159eb\u00edrali Ol\u0159icha Homutu jako sv\u00e9ho zam\u011bstnance.<\/p>\n\n\n\n<figure class=\"wp-block-image size-large\"><img decoding=\"async\" loading=\"lazy\" width=\"783\" height=\"1080\" src=\"https:\/\/www.muzejnirecyklace.cz\/wp-content\/uploads\/2022\/10\/5_remoska_typ500_titulni-strana-navodu-783x1080.jpg\" alt=\"\" class=\"wp-image-594\" srcset=\"https:\/\/www.muzejnirecyklace.cz\/wp-content\/uploads\/2022\/10\/5_remoska_typ500_titulni-strana-navodu-783x1080.jpg 783w, https:\/\/www.muzejnirecyklace.cz\/wp-content\/uploads\/2022\/10\/5_remoska_typ500_titulni-strana-navodu-218x300.jpg 218w, https:\/\/www.muzejnirecyklace.cz\/wp-content\/uploads\/2022\/10\/5_remoska_typ500_titulni-strana-navodu-109x150.jpg 109w, https:\/\/www.muzejnirecyklace.cz\/wp-content\/uploads\/2022\/10\/5_remoska_typ500_titulni-strana-navodu-768x1059.jpg 768w, https:\/\/www.muzejnirecyklace.cz\/wp-content\/uploads\/2022\/10\/5_remoska_typ500_titulni-strana-navodu.jpg 928w\" sizes=\"(max-width: 783px) 100vw, 783px\" \/><figcaption>Remoska_typ500_tituln\u00ed strana n\u00e1vodu<\/figcaption><\/figure>\n\n\n\n<p>&nbsp;T\u00e9m\u011b\u0159 v&nbsp;z\u00e1v\u011bru sv\u00e9 profesn\u00ed kari\u00e9ry se v\u011bnoval r\u016fzn\u00fdm zlep\u0161ovatelsk\u00fdm technick\u00fdm \u0159e\u0161en\u00edm. V&nbsp;r\u00e1mci t\u00e9to jeho soukrom\u00e9 iniciativy vznikla i dnes slavn\u00e1 remoska. Nelze \u0159\u00edci, \u017ee se jednalo o jedine\u010dn\u00fd objev, remoska tak\u00e9 nikdy jako vyn\u00e1lez patentov\u00e1na nebyla (ochranou zn\u00e1mkou je chr\u00e1n\u011bn jen jej\u00ed n\u00e1zev), ale jednalo se o zdokonalen\u00ed a znovuo\u017eiven\u00ed spot\u0159ebi\u010de, kter\u00fd ve druh\u00e9 polovin\u011b 40. let minul\u00e9ho stolet\u00ed ustoupil do pozad\u00ed. Na konci 30. let byly v&nbsp;dom\u00e1cnostech b\u011b\u017en\u011b u\u017e\u00edv\u00e1ny elektrick\u00e9 hrnce s&nbsp;pokli\u010dkou se spodn\u00edm oh\u0159evem nebo elektrick\u00e9 stoln\u00ed p\u00e1nve s&nbsp;obchodn\u00edm n\u00e1zvem Grillux. Se v\u0161emi t\u011bmito spot\u0159ebi\u010di se Homuta rozhodn\u011b setkal, jen na jejich v\u00fdrobu nebyl ve zn\u00e1rodn\u011bn\u00e9m hospod\u00e1\u0159stv\u00ed prostor. V\u00fdrobn\u00ed firmy vyr\u00e1b\u011bj\u00edc\u00ed tyto drobn\u00e9 elektrospot\u0159ebi\u010de \u010dasto zanikly bez n\u00e1hrady. Old\u0159ich Homuta tak na po\u010d\u00e1tku 50. let p\u0159i\u0161el s&nbsp;nov\u00fdm proveden\u00edm tohoto typu spot\u0159ebi\u010de s&nbsp;vrchn\u00edm v\u00fdh\u0159evem, v&nbsp;kter\u00e9m se dalo va\u0159it i p\u00e9ct. Jeho velkou z\u00e1slouhou bylo, \u017ee byl nezdoln\u00fd ve sv\u00e9 iniciativ\u011b dostat tento j\u00edm zdokonalen\u00fd typ spot\u0159ebi\u010de op\u011bt do v\u00fdroby. Poda\u0159ilo se to a z&nbsp;remosky se stal ikonick\u00fd kuchy\u0148sk\u00fd pomocn\u00edk.<\/p>\n\n\n\n<p>autor: Mgr. Lucie St\u0159echov\u00e1<\/p>\n\n\n\n<div class=\"wp-block-group alignwide\"><div class=\"wp-block-group__inner-container is-layout-flow\">\n<div class=\"wp-block-group alignwide\"><div class=\"wp-block-group__inner-container is-layout-flow\">\n<div class=\"wp-block-group alignwide\"><div class=\"wp-block-group__inner-container is-layout-flow\">\n<div class=\"wp-block-group alignwide\"><div class=\"wp-block-group__inner-container is-layout-flow\">\n<figure class=\"wp-block-gallery alignwide columns-3 is-cropped wp-block-gallery-1 is-layout-flex\"><ul class=\"blocks-gallery-grid\"><li class=\"blocks-gallery-item\"><figure><img decoding=\"async\" loading=\"lazy\" width=\"2560\" height=\"1920\" src=\"https:\/\/www.muzejnirecyklace.cz\/wp-content\/uploads\/2022\/10\/1_Elektricky-hrnec-s-drevenou-rukojeti-vyroby-Elektra-Praha-20.-leta-20.-stoleti-2-scaled.jpg\" alt=\"\" data-id=\"597\" data-link=\"https:\/\/www.muzejnirecyklace.cz\/?attachment_id=597\" class=\"wp-image-597\" srcset=\"https:\/\/www.muzejnirecyklace.cz\/wp-content\/uploads\/2022\/10\/1_Elektricky-hrnec-s-drevenou-rukojeti-vyroby-Elektra-Praha-20.-leta-20.-stoleti-2-scaled.jpg 2560w, https:\/\/www.muzejnirecyklace.cz\/wp-content\/uploads\/2022\/10\/1_Elektricky-hrnec-s-drevenou-rukojeti-vyroby-Elektra-Praha-20.-leta-20.-stoleti-2-300x225.jpg 300w, https:\/\/www.muzejnirecyklace.cz\/wp-content\/uploads\/2022\/10\/1_Elektricky-hrnec-s-drevenou-rukojeti-vyroby-Elektra-Praha-20.-leta-20.-stoleti-2-1440x1080.jpg 1440w, https:\/\/www.muzejnirecyklace.cz\/wp-content\/uploads\/2022\/10\/1_Elektricky-hrnec-s-drevenou-rukojeti-vyroby-Elektra-Praha-20.-leta-20.-stoleti-2-150x113.jpg 150w, https:\/\/www.muzejnirecyklace.cz\/wp-content\/uploads\/2022\/10\/1_Elektricky-hrnec-s-drevenou-rukojeti-vyroby-Elektra-Praha-20.-leta-20.-stoleti-2-768x576.jpg 768w, https:\/\/www.muzejnirecyklace.cz\/wp-content\/uploads\/2022\/10\/1_Elektricky-hrnec-s-drevenou-rukojeti-vyroby-Elektra-Praha-20.-leta-20.-stoleti-2-1536x1152.jpg 1536w, https:\/\/www.muzejnirecyklace.cz\/wp-content\/uploads\/2022\/10\/1_Elektricky-hrnec-s-drevenou-rukojeti-vyroby-Elektra-Praha-20.-leta-20.-stoleti-2-2048x1536.jpg 2048w, https:\/\/www.muzejnirecyklace.cz\/wp-content\/uploads\/2022\/10\/1_Elektricky-hrnec-s-drevenou-rukojeti-vyroby-Elektra-Praha-20.-leta-20.-stoleti-2-1200x900.jpg 1200w, https:\/\/www.muzejnirecyklace.cz\/wp-content\/uploads\/2022\/10\/1_Elektricky-hrnec-s-drevenou-rukojeti-vyroby-Elektra-Praha-20.-leta-20.-stoleti-2-1980x1485.jpg 1980w\" sizes=\"(max-width: 2560px) 100vw, 2560px\" \/><figcaption class=\"blocks-gallery-item__caption\">1_Elektrick\u00fd hrnec s d\u0159ev\u011bnou rukojet\u00ed v\u00fdroby Elektra-Praha, 20. l\u00e9ta 20. stolet\u00ed<\/figcaption><\/figure><\/li><li class=\"blocks-gallery-item\"><figure><img decoding=\"async\" loading=\"lazy\" width=\"905\" height=\"1215\" src=\"https:\/\/www.muzejnirecyklace.cz\/wp-content\/uploads\/2022\/10\/2_Reklama-na-elektrickou-panev-Grillux-z-roku-1938_page-0001.jpg\" alt=\"\" data-id=\"598\" data-link=\"https:\/\/www.muzejnirecyklace.cz\/?attachment_id=598\" class=\"wp-image-598\" srcset=\"https:\/\/www.muzejnirecyklace.cz\/wp-content\/uploads\/2022\/10\/2_Reklama-na-elektrickou-panev-Grillux-z-roku-1938_page-0001.jpg 905w, https:\/\/www.muzejnirecyklace.cz\/wp-content\/uploads\/2022\/10\/2_Reklama-na-elektrickou-panev-Grillux-z-roku-1938_page-0001-223x300.jpg 223w, https:\/\/www.muzejnirecyklace.cz\/wp-content\/uploads\/2022\/10\/2_Reklama-na-elektrickou-panev-Grillux-z-roku-1938_page-0001-804x1080.jpg 804w, https:\/\/www.muzejnirecyklace.cz\/wp-content\/uploads\/2022\/10\/2_Reklama-na-elektrickou-panev-Grillux-z-roku-1938_page-0001-112x150.jpg 112w, https:\/\/www.muzejnirecyklace.cz\/wp-content\/uploads\/2022\/10\/2_Reklama-na-elektrickou-panev-Grillux-z-roku-1938_page-0001-768x1031.jpg 768w\" sizes=\"(max-width: 905px) 100vw, 905px\" \/><figcaption class=\"blocks-gallery-item__caption\">2_Reklama na elektrickou p\u00e1nev Grillux z roku 1938_page-0001<\/figcaption><\/figure><\/li><li class=\"blocks-gallery-item\"><figure><img decoding=\"async\" loading=\"lazy\" width=\"2560\" height=\"1706\" src=\"https:\/\/www.muzejnirecyklace.cz\/wp-content\/uploads\/2022\/10\/3_Remoska-Original-vyroby-Okresni-podnik-mistniho-prumyslu-Cesky-Brod-prvni-pol.-80.-let-20.-stoleti-scaled.jpg\" alt=\"\" data-id=\"599\" data-link=\"https:\/\/www.muzejnirecyklace.cz\/?attachment_id=599\" class=\"wp-image-599\" srcset=\"https:\/\/www.muzejnirecyklace.cz\/wp-content\/uploads\/2022\/10\/3_Remoska-Original-vyroby-Okresni-podnik-mistniho-prumyslu-Cesky-Brod-prvni-pol.-80.-let-20.-stoleti-scaled.jpg 2560w, https:\/\/www.muzejnirecyklace.cz\/wp-content\/uploads\/2022\/10\/3_Remoska-Original-vyroby-Okresni-podnik-mistniho-prumyslu-Cesky-Brod-prvni-pol.-80.-let-20.-stoleti-300x200.jpg 300w, https:\/\/www.muzejnirecyklace.cz\/wp-content\/uploads\/2022\/10\/3_Remoska-Original-vyroby-Okresni-podnik-mistniho-prumyslu-Cesky-Brod-prvni-pol.-80.-let-20.-stoleti-1621x1080.jpg 1621w, https:\/\/www.muzejnirecyklace.cz\/wp-content\/uploads\/2022\/10\/3_Remoska-Original-vyroby-Okresni-podnik-mistniho-prumyslu-Cesky-Brod-prvni-pol.-80.-let-20.-stoleti-150x100.jpg 150w, https:\/\/www.muzejnirecyklace.cz\/wp-content\/uploads\/2022\/10\/3_Remoska-Original-vyroby-Okresni-podnik-mistniho-prumyslu-Cesky-Brod-prvni-pol.-80.-let-20.-stoleti-768x512.jpg 768w, https:\/\/www.muzejnirecyklace.cz\/wp-content\/uploads\/2022\/10\/3_Remoska-Original-vyroby-Okresni-podnik-mistniho-prumyslu-Cesky-Brod-prvni-pol.-80.-let-20.-stoleti-1536x1024.jpg 1536w, https:\/\/www.muzejnirecyklace.cz\/wp-content\/uploads\/2022\/10\/3_Remoska-Original-vyroby-Okresni-podnik-mistniho-prumyslu-Cesky-Brod-prvni-pol.-80.-let-20.-stoleti-2048x1365.jpg 2048w, https:\/\/www.muzejnirecyklace.cz\/wp-content\/uploads\/2022\/10\/3_Remoska-Original-vyroby-Okresni-podnik-mistniho-prumyslu-Cesky-Brod-prvni-pol.-80.-let-20.-stoleti-1200x800.jpg 1200w, https:\/\/www.muzejnirecyklace.cz\/wp-content\/uploads\/2022\/10\/3_Remoska-Original-vyroby-Okresni-podnik-mistniho-prumyslu-Cesky-Brod-prvni-pol.-80.-let-20.-stoleti-1980x1320.jpg 1980w\" sizes=\"(max-width: 2560px) 100vw, 2560px\" \/><figcaption class=\"blocks-gallery-item__caption\">3_Remoska Origin\u00e1l, v\u00fdroby Okresn\u00ed podnik m\u00edstn\u00edho pr\u016fmyslu \u010cesk\u00fd Brod, prvn\u00ed pol. 80. let 20. stolet\u00ed<\/figcaption><\/figure><\/li><li class=\"blocks-gallery-item\"><figure><img decoding=\"async\" loading=\"lazy\" width=\"2560\" height=\"1706\" src=\"https:\/\/www.muzejnirecyklace.cz\/wp-content\/uploads\/2022\/10\/4_remoska-original_detail-scaled.jpg\" alt=\"\" data-id=\"600\" data-link=\"https:\/\/www.muzejnirecyklace.cz\/?attachment_id=600\" class=\"wp-image-600\" srcset=\"https:\/\/www.muzejnirecyklace.cz\/wp-content\/uploads\/2022\/10\/4_remoska-original_detail-scaled.jpg 2560w, https:\/\/www.muzejnirecyklace.cz\/wp-content\/uploads\/2022\/10\/4_remoska-original_detail-300x200.jpg 300w, https:\/\/www.muzejnirecyklace.cz\/wp-content\/uploads\/2022\/10\/4_remoska-original_detail-1621x1080.jpg 1621w, https:\/\/www.muzejnirecyklace.cz\/wp-content\/uploads\/2022\/10\/4_remoska-original_detail-150x100.jpg 150w, https:\/\/www.muzejnirecyklace.cz\/wp-content\/uploads\/2022\/10\/4_remoska-original_detail-768x512.jpg 768w, https:\/\/www.muzejnirecyklace.cz\/wp-content\/uploads\/2022\/10\/4_remoska-original_detail-1536x1024.jpg 1536w, https:\/\/www.muzejnirecyklace.cz\/wp-content\/uploads\/2022\/10\/4_remoska-original_detail-2048x1365.jpg 2048w, https:\/\/www.muzejnirecyklace.cz\/wp-content\/uploads\/2022\/10\/4_remoska-original_detail-1200x800.jpg 1200w, https:\/\/www.muzejnirecyklace.cz\/wp-content\/uploads\/2022\/10\/4_remoska-original_detail-1980x1320.jpg 1980w\" sizes=\"(max-width: 2560px) 100vw, 2560px\" \/><figcaption class=\"blocks-gallery-item__caption\">4_remoska origin\u00e1l_detail<\/figcaption><\/figure><\/li><li class=\"blocks-gallery-item\"><figure><img decoding=\"async\" loading=\"lazy\" width=\"928\" height=\"1280\" src=\"https:\/\/www.muzejnirecyklace.cz\/wp-content\/uploads\/2022\/10\/5_remoska_typ500_titulni-strana-navodu-2.jpg\" alt=\"\" data-id=\"601\" data-full-url=\"https:\/\/www.muzejnirecyklace.cz\/wp-content\/uploads\/2022\/10\/5_remoska_typ500_titulni-strana-navodu-2.jpg\" data-link=\"https:\/\/www.muzejnirecyklace.cz\/?attachment_id=601\" class=\"wp-image-601\" srcset=\"https:\/\/www.muzejnirecyklace.cz\/wp-content\/uploads\/2022\/10\/5_remoska_typ500_titulni-strana-navodu-2.jpg 928w, https:\/\/www.muzejnirecyklace.cz\/wp-content\/uploads\/2022\/10\/5_remoska_typ500_titulni-strana-navodu-2-218x300.jpg 218w, https:\/\/www.muzejnirecyklace.cz\/wp-content\/uploads\/2022\/10\/5_remoska_typ500_titulni-strana-navodu-2-783x1080.jpg 783w, https:\/\/www.muzejnirecyklace.cz\/wp-content\/uploads\/2022\/10\/5_remoska_typ500_titulni-strana-navodu-2-109x150.jpg 109w, https:\/\/www.muzejnirecyklace.cz\/wp-content\/uploads\/2022\/10\/5_remoska_typ500_titulni-strana-navodu-2-768x1059.jpg 768w\" sizes=\"(max-width: 928px) 100vw, 928px\" \/><figcaption class=\"blocks-gallery-item__caption\">5_remoska_typ500_tituln\u00ed strana n\u00e1vodu<\/figcaption><\/figure><\/li><\/ul><\/figure>\n<\/div><\/div>\n<\/div><\/div>\n<\/div><\/div>\n<\/div><\/div>\n","protected":false},"excerpt":{"rendered":"<p>Jak to bylo s remoskou ? Mu\u017e, kter\u00fd st\u00e1l za konstrukc\u00ed remosky Ing. Old\u0159ich Homuta se narodil 11. ledna 1901 v&nbsp;Litom\u011b\u0159ic\u00edch. Do Prahy se p\u0159est\u011bhoval v&nbsp;roce 1921, po absolvov\u00e1n\u00ed vojensk\u00e9 slu\u017eby, kterou ukon\u010dil jako nadporu\u010d\u00edk v&nbsp;z\u00e1loze. Od za\u010d\u00e1tku jeho profesn\u00ed dr\u00e1hy byly jeho oborem motory, kter\u00fdm se v\u011bnoval i v&nbsp;r\u00e1mci vojensk\u00e9 slu\u017eby. Ve Zbrojn\u00edm pasu [&hellip;]<\/p>\n","protected":false},"author":2,"featured_media":0,"parent":0,"menu_order":0,"comment_status":"closed","ping_status":"closed","template":"","meta":[],"_links":{"self":[{"href":"https:\/\/www.muzejnirecyklace.cz\/index.php?rest_route=\/wp\/v2\/pages\/592"}],"collection":[{"href":"https:\/\/www.muzejnirecyklace.cz\/index.php?rest_route=\/wp\/v2\/pages"}],"about":[{"href":"https:\/\/www.muzejnirecyklace.cz\/index.php?rest_route=\/wp\/v2\/types\/page"}],"author":[{"embeddable":true,"href":"https:\/\/www.muzejnirecyklace.cz\/index.php?rest_route=\/wp\/v2\/users\/2"}],"replies":[{"embeddable":true,"href":"https:\/\/www.muzejnirecyklace.cz\/index.php?rest_route=%2Fwp%2Fv2%2Fcomments&post=592"}],"version-history":[{"count":3,"href":"https:\/\/www.muzejnirecyklace.cz\/index.php?rest_route=\/wp\/v2\/pages\/592\/revisions"}],"predecessor-version":[{"id":652,"href":"https:\/\/www.muzejnirecyklace.cz\/index.php?rest_route=\/wp\/v2\/pages\/592\/revisions\/652"}],"wp:attachment":[{"href":"https:\/\/www.muzejnirecyklace.cz\/index.php?rest_route=%2Fwp%2Fv2%2Fmedia&parent=592"}],"curies":[{"name":"wp","href":"https:\/\/api.w.org\/{rel}","templated":true}]}}