{"id":311,"date":"2021-09-23T08:23:51","date_gmt":"2021-09-23T08:23:51","guid":{"rendered":"http:\/\/www.recyklacnivikend.cz\/?page_id=311"},"modified":"2022-10-05T17:55:47","modified_gmt":"2022-10-05T17:55:47","slug":"vysledky-soutezi-2021","status":"publish","type":"page","link":"https:\/\/www.muzejnirecyklace.cz\/?page_id=311","title":{"rendered":"V\u00fdsledky sout\u011b\u017e\u00ed 2021"},"content":{"rendered":"\n<div class=\"wp-block-columns alignwide is-layout-flex wp-container-3\">\n<div class=\"wp-block-column is-vertically-aligned-top is-layout-flow\">\n<h3 class=\"has-accent-color has-text-color wp-block-heading\">Recykla\u010dn\u00ed v\u00edkend<\/h3>\n\n\n\n<h2 class=\"has-accent-color has-text-color has-normal-font-size wp-block-heading\"><strong>Recykla\u010dn\u00ed v\u00edkend 2021<\/strong><\/h2>\n\n\n\n<p>Z&nbsp;uplynul\u00e9ho ro\u010dn\u00edku Recykla\u010dn\u00edho v\u00edkendu, kter\u00fd se op\u011bt vzhledem k epidemiologick\u00e9&nbsp;situaci p\u0159esunul na soci\u00e1ln\u00ed s\u00edt\u011b byly do sb\u00edrky Technika v&nbsp;dom\u00e1cnosti za\u0159azeny tyto dva p\u0159edm\u011bty:<\/p>\n\n\n\n<p>1) Vysou\u0161e\u010d vlas\u016f n\u011bmeck\u00e9 v\u00fdroby AEG z let 1939-1940. Jedn\u00e1 se o bezvadn\u011b dochovan\u00fd men\u0161\u00ed typ vysou\u0161e\u010de, kter\u00fd doplnil na\u0161i kolekci spot\u0159ebi\u010d\u016f dom\u00e1c\u00ed hygieny a \u00fapravy vlas\u016f sb\u00edrky Technika v dom\u00e1cnosti.<\/p>\n\n\n\n<figure class=\"wp-block-image size-large\"><img decoding=\"async\" loading=\"lazy\" width=\"1036\" height=\"1080\" src=\"https:\/\/www.recyklacnivikend.cz\/wp-content\/uploads\/2022\/04\/IMG_20211118_105803-1036x1080.jpg\" alt=\"\" class=\"wp-image-501\" srcset=\"https:\/\/www.muzejnirecyklace.cz\/wp-content\/uploads\/2022\/04\/IMG_20211118_105803-1036x1080.jpg 1036w, https:\/\/www.muzejnirecyklace.cz\/wp-content\/uploads\/2022\/04\/IMG_20211118_105803-288x300.jpg 288w, https:\/\/www.muzejnirecyklace.cz\/wp-content\/uploads\/2022\/04\/IMG_20211118_105803-144x150.jpg 144w, https:\/\/www.muzejnirecyklace.cz\/wp-content\/uploads\/2022\/04\/IMG_20211118_105803-768x801.jpg 768w, https:\/\/www.muzejnirecyklace.cz\/wp-content\/uploads\/2022\/04\/IMG_20211118_105803-1473x1536.jpg 1473w, https:\/\/www.muzejnirecyklace.cz\/wp-content\/uploads\/2022\/04\/IMG_20211118_105803-1964x2048.jpg 1964w, https:\/\/www.muzejnirecyklace.cz\/wp-content\/uploads\/2022\/04\/IMG_20211118_105803-1200x1251.jpg 1200w, https:\/\/www.muzejnirecyklace.cz\/wp-content\/uploads\/2022\/04\/IMG_20211118_105803-1980x2064.jpg 1980w\" sizes=\"(max-width: 1036px) 100vw, 1036px\" \/><figcaption>Vysou\u0161e\u010d vlas\u016f AEG z let 1939-1940<\/figcaption><\/figure>\n\n\n\n<p>2) Elektrick\u00fd vysava\u010d V&nbsp;300 s p\u0159\u00edslu\u0161enstv\u00edm, kter\u00fd nese velmi zaj\u00edmav\u00fd v\u00fdrobn\u00ed p\u0159\u00edb\u011bh. Jedn\u00e1 se toti\u017e o tuzemsk\u00fdm v\u00fdrobcem Elektro-Praga n.p. p\u0159ezna\u010denou n\u011bmeckou produkci p\u016fvodn\u00ed zna\u010dky AEG. Ur\u010dit\u00e1 \u010d\u00e1st t\u00e9to produkce n\u011bmeck\u00e9 zna\u010dky byla po roce 1945 patrn\u011b zabavena a vyu\u017eita pro tuzemsk\u00fd trh.<\/p>\n\n\n\n<figure class=\"wp-block-image size-large\"><img decoding=\"async\" loading=\"lazy\" width=\"1920\" height=\"978\" src=\"https:\/\/www.recyklacnivikend.cz\/wp-content\/uploads\/2022\/04\/IMG_20220330_131808-1920x978.jpg\" alt=\"\" class=\"wp-image-502\" srcset=\"https:\/\/www.muzejnirecyklace.cz\/wp-content\/uploads\/2022\/04\/IMG_20220330_131808-1920x978.jpg 1920w, https:\/\/www.muzejnirecyklace.cz\/wp-content\/uploads\/2022\/04\/IMG_20220330_131808-300x153.jpg 300w, https:\/\/www.muzejnirecyklace.cz\/wp-content\/uploads\/2022\/04\/IMG_20220330_131808-150x76.jpg 150w, https:\/\/www.muzejnirecyklace.cz\/wp-content\/uploads\/2022\/04\/IMG_20220330_131808-768x391.jpg 768w, https:\/\/www.muzejnirecyklace.cz\/wp-content\/uploads\/2022\/04\/IMG_20220330_131808-1536x782.jpg 1536w, https:\/\/www.muzejnirecyklace.cz\/wp-content\/uploads\/2022\/04\/IMG_20220330_131808-2048x1043.jpg 2048w, https:\/\/www.muzejnirecyklace.cz\/wp-content\/uploads\/2022\/04\/IMG_20220330_131808-1200x611.jpg 1200w, https:\/\/www.muzejnirecyklace.cz\/wp-content\/uploads\/2022\/04\/IMG_20220330_131808-1980x1008.jpg 1980w\" sizes=\"(max-width: 1920px) 100vw, 1920px\" \/><figcaption>Elektrick\u00fd vysava\u010d V 300, Elektro-Praga n.p.<\/figcaption><\/figure>\n\n\n\n<h5 class=\"has-accent-color has-text-color wp-block-heading\"><a href=\"https:\/\/www.recyklacnivikend.cz\/wp-admin\/post.php?post=226&amp;action=edit\" data-type=\"URL\" data-id=\"https:\/\/www.recyklacnivikend.cz\/wp-admin\/post.php?post=226&amp;action=edit\" target=\"_blank\" rel=\"noreferrer noopener\"><strong>Recykla\u010dn\u00ed v\u00edkend <\/strong>2020 &#8211; v\u00fdsledky<\/a><\/h5>\n<\/div>\n\n\n\n<div class=\"wp-block-column is-layout-flow\">\n<h3 class=\"has-accent-color has-text-color wp-block-heading\">M\u00e1te doma muzejn\u00ed kousek?<\/h3>\n\n\n\n<h2 class=\"has-accent-color has-text-color has-normal-font-size wp-block-heading\">Muzejn\u00ed kousek roku 2021<\/h2>\n\n\n\n<p>V&nbsp;uplynul\u00e9m roce p\u0159ipravilo NTM, ji\u017e p\u00e1t\u00fd ro\u010dn\u00edk internetov\u00e9 sout\u011b\u017ee s&nbsp;n\u00e1zvem \u201eM\u00e1te doma muzejn\u00ed kousek?\u201c ve spolupr\u00e1ci s&nbsp;kolektivn\u00edm syst\u00e9mem ELEKTROWIN, a.s. Sout\u011b\u017e byla spu\u0161t\u011bna 1. dubna 2021 a jej\u00ed pr\u016fb\u011b\u017en\u00e9 vyhodnocov\u00e1n\u00ed bylo rozd\u011bleno jako v&nbsp;p\u0159edchoz\u00edch letech do t\u0159\u00ed \u010dtvrtlet\u00ed. Sout\u011b\u017e byla p\u0159\u00edle\u017eitost\u00ed nab\u00eddnout sv\u016fj vyslou\u017eil\u00fd spot\u0159ebi\u010d do sb\u00edrek N\u00e1rodn\u00edho technick\u00e9ho muzea, a to prost\u0159ednictv\u00edm online formy z&nbsp;pohodl\u00ed domova. O tento zp\u016fsob byl v&nbsp;minul\u00e9m roce projeven neb\u00fdval\u00fd z\u00e1jem, kdy jsme si p\u0159edm\u011bty pro roz\u0161\u00ed\u0159en\u00ed na\u0161ich st\u00e1vaj\u00edc\u00edch sb\u00edrek, vyb\u00edrali z&nbsp;560 nab\u00eddek.<\/p>\n\n\n\n<p>Jen v r\u00e1mci prvn\u00edho \u010dtvrtlet\u00ed internetov\u00e9 sout\u011b\u017ee jsme uzav\u0159eli 16 darovac\u00edch smluv a do sb\u00edrky Technika v&nbsp;dom\u00e1cnosti za\u0159adili nap\u0159. vysava\u010d zna\u010dky Elektro-star s&nbsp;p\u0159\u00edslu\u0161enstv\u00edm a kupn\u00edmi doklady z&nbsp;roku 1931, elektrickou va\u0159enku v\u00fdroby n\u00e1rodn\u00edho podniku Romo Fulnek z&nbsp;druh\u00e9 pol. 50. let 20. stolet\u00ed nebo elektrick\u00fd ponorn\u00fd oh\u0159\u00edva\u010d zna\u010dky Jeka z&nbsp;poloviny 30. let 20. stolet\u00ed.<\/p>\n\n\n\n<p>\u201eNej\u201c Muzejn\u00edm kouskem roku 2021 vze\u0161l\u00fd z&nbsp;t\u00e9to sout\u011b\u017ee se pak stal elektrick\u00fd kav\u00e1rensk\u00fd k\u00e1vovar pra\u017esk\u00e9 v\u00fdroby s ozna\u010den\u00edm Merkur, kter\u00fd byl v&nbsp;roce 1947 zakoupen pro cukr\u00e1rnu v&nbsp;Turnov\u011b. Slavnostn\u00ed vyhl\u00e1\u0161en\u00ed a p\u0159ed\u00e1n\u00ed pouk\u00e1zky v\u00edt\u011bzi na n\u00e1kup spot\u0159ebn\u00edho zbo\u017e\u00ed v&nbsp;hodnot\u011b 5. 000,- K\u010d prob\u011bhlo v&nbsp;NTM 23. b\u0159ezna. V\u00edt\u011bzn\u00fd d\u00e1rce pak absolvoval soukromou komentovanou prohl\u00eddku expozice Technika v&nbsp;dom\u00e1cnosti s&nbsp;kur\u00e1torkou Mgr. Luci\u00ed St\u0159echovou.<\/p>\n\n\n\n<figure class=\"wp-block-image size-large is-resized\"><img decoding=\"async\" loading=\"lazy\" src=\"https:\/\/www.recyklacnivikend.cz\/wp-content\/uploads\/2022\/04\/kavovar-mensi-na-web\u00a7.jpg\" alt=\"\" class=\"wp-image-512\" width=\"585\" height=\"878\" srcset=\"https:\/\/www.muzejnirecyklace.cz\/wp-content\/uploads\/2022\/04\/kavovar-mensi-na-web\u00a7.jpg 500w, https:\/\/www.muzejnirecyklace.cz\/wp-content\/uploads\/2022\/04\/kavovar-mensi-na-web\u00a7-200x300.jpg 200w, https:\/\/www.muzejnirecyklace.cz\/wp-content\/uploads\/2022\/04\/kavovar-mensi-na-web\u00a7-100x150.jpg 100w\" sizes=\"(max-width: 585px) 100vw, 585px\" \/><figcaption>Kav\u00e1rensk\u00fd k\u00e1vovar Merkur po\u0159\u00edzen\u00fd kolem roku 1947 pro cukr\u00e1rnu v Turnov\u011b, ,,nej\u201c muzejn\u00ed kousek roku 2021, v expozici NTM Technika v dom\u00e1cnosti<\/figcaption><\/figure>\n\n\n\n<figure class=\"wp-block-image size-large is-resized\"><img decoding=\"async\" loading=\"lazy\" src=\"https:\/\/www.recyklacnivikend.cz\/wp-content\/uploads\/2022\/04\/foto-darci.jpg\" alt=\"\" class=\"wp-image-513\" width=\"583\" height=\"388\" srcset=\"https:\/\/www.muzejnirecyklace.cz\/wp-content\/uploads\/2022\/04\/foto-darci.jpg 500w, https:\/\/www.muzejnirecyklace.cz\/wp-content\/uploads\/2022\/04\/foto-darci-300x200.jpg 300w, https:\/\/www.muzejnirecyklace.cz\/wp-content\/uploads\/2022\/04\/foto-darci-150x100.jpg 150w\" sizes=\"(max-width: 583px) 100vw, 583px\" \/><figcaption>Gener\u00e1ln\u00ed \u0159editel NTM Karel Ksandr, kur\u00e1torka NTM Lucie St\u0159echov\u00e1, d\u00e1rci \u201enej\u201c muzejn\u00edho kousku roku 2021 man\u017eel\u00e9 Ruthovi a gener\u00e1ln\u00ed \u0159edtiel ELEKTROWIN Roman Tvrzn\u00edk<\/figcaption><\/figure>\n\n\n\n<h5 class=\"has-accent-color has-text-color wp-block-heading\"><a href=\"https:\/\/www.recyklacnivikend.cz\/wp-admin\/post.php?post=226&amp;action=edit\" data-type=\"URL\" data-id=\"https:\/\/www.recyklacnivikend.cz\/wp-admin\/post.php?post=226&amp;action=edit\" target=\"_blank\" rel=\"noreferrer noopener\"><strong>Muzejn\u00ed kousek roku 2020<\/strong> &#8211; v\u00fdsledky<\/a><\/h5>\n\n\n\n<p><\/p>\n<\/div>\n<\/div>\n\n\n\n<p class=\"has-background-color has-background-background-color has-text-color has-background\"><\/p>\n","protected":false},"excerpt":{"rendered":"<p>Recykla\u010dn\u00ed v\u00edkend Recykla\u010dn\u00ed v\u00edkend 2021 Z&nbsp;uplynul\u00e9ho ro\u010dn\u00edku Recykla\u010dn\u00edho v\u00edkendu, kter\u00fd se op\u011bt vzhledem k epidemiologick\u00e9&nbsp;situaci p\u0159esunul na soci\u00e1ln\u00ed s\u00edt\u011b byly do sb\u00edrky Technika v&nbsp;dom\u00e1cnosti za\u0159azeny tyto dva p\u0159edm\u011bty: 1) Vysou\u0161e\u010d vlas\u016f n\u011bmeck\u00e9 v\u00fdroby AEG z let 1939-1940. Jedn\u00e1 se o bezvadn\u011b dochovan\u00fd men\u0161\u00ed typ vysou\u0161e\u010de, kter\u00fd doplnil na\u0161i kolekci spot\u0159ebi\u010d\u016f dom\u00e1c\u00ed hygieny a \u00fapravy vlas\u016f [&hellip;]<\/p>\n","protected":false},"author":2,"featured_media":0,"parent":0,"menu_order":0,"comment_status":"closed","ping_status":"closed","template":"","meta":[],"_links":{"self":[{"href":"https:\/\/www.muzejnirecyklace.cz\/index.php?rest_route=\/wp\/v2\/pages\/311"}],"collection":[{"href":"https:\/\/www.muzejnirecyklace.cz\/index.php?rest_route=\/wp\/v2\/pages"}],"about":[{"href":"https:\/\/www.muzejnirecyklace.cz\/index.php?rest_route=\/wp\/v2\/types\/page"}],"author":[{"embeddable":true,"href":"https:\/\/www.muzejnirecyklace.cz\/index.php?rest_route=\/wp\/v2\/users\/2"}],"replies":[{"embeddable":true,"href":"https:\/\/www.muzejnirecyklace.cz\/index.php?rest_route=%2Fwp%2Fv2%2Fcomments&post=311"}],"version-history":[{"count":20,"href":"https:\/\/www.muzejnirecyklace.cz\/index.php?rest_route=\/wp\/v2\/pages\/311\/revisions"}],"predecessor-version":[{"id":514,"href":"https:\/\/www.muzejnirecyklace.cz\/index.php?rest_route=\/wp\/v2\/pages\/311\/revisions\/514"}],"wp:attachment":[{"href":"https:\/\/www.muzejnirecyklace.cz\/index.php?rest_route=%2Fwp%2Fv2%2Fmedia&parent=311"}],"curies":[{"name":"wp","href":"https:\/\/api.w.org\/{rel}","templated":true}]}}