{"id":305,"date":"2021-09-23T08:17:42","date_gmt":"2021-09-23T08:17:42","guid":{"rendered":"http:\/\/www.recyklacnivikend.cz\/?page_id=305"},"modified":"2025-05-07T13:00:14","modified_gmt":"2025-05-07T13:00:14","slug":"vysledky-soutezi","status":"publish","type":"page","link":"https:\/\/www.muzejnirecyklace.cz\/?page_id=305","title":{"rendered":"V\u00fdsledky sout\u011b\u017e\u00ed"},"content":{"rendered":"\n<div class=\"wp-block-group alignwide is-layout-flow\"><div class=\"wp-block-group__inner-container\">\n<div class=\"wp-block-group alignwide is-layout-flow\"><div class=\"wp-block-group__inner-container\">\n<h2 class=\"wp-block-heading has-text-align-center has-accent-color has-text-color\">Ro\u010dn\u00edky<\/h2>\n<\/div><\/div>\n\n\n\n<h2 class=\"wp-block-heading has-accent-color has-text-color\" style=\"font-size:30px\"><a href=\"https:\/\/www.muzejnirecyklace.cz\/?page_id=782\">2024<\/a><\/h2>\n<\/div><\/div>\n\n\n\n<h2 class=\"wp-block-heading\" style=\"font-size:31px\"><a href=\"https:\/\/www.muzejnirecyklace.cz\/?page_id=690\" data-type=\"URL\" data-id=\"https:\/\/www.muzejnirecyklace.cz\/?page_id=690\">20<\/a><a href=\"https:\/\/www.muzejnirecyklace.cz\/?page_id=690\" data-type=\"URL\" data-id=\"https:\/\/www.muzejnirecyklace.cz\/?page_id=690\" target=\"_blank\" rel=\"noreferrer noopener\">23<\/a><\/h2>\n\n\n\n<h2 class=\"wp-block-heading\" style=\"font-size:31px\"><a href=\"https:\/\/www.muzejnirecyklace.cz\/?page_id=641\">2022<\/a><\/h2>\n\n\n\n<h2 class=\"wp-block-heading has-accent-color has-text-color\" style=\"font-size:31px\"><a href=\"https:\/\/www.muzejnirecyklace.cz\/?page_id=311\">2021<\/a><\/h2>\n\n\n\n<h2 class=\"wp-block-heading has-accent-color has-text-color\" style=\"font-size:30px\"><a href=\"https:\/\/www.muzejnirecyklace.cz\/?page_id=226\">2020<\/a><\/h2>\n","protected":false},"excerpt":{"rendered":"<p>Ro\u010dn\u00edky 2024 2023 2022 2021 2020<\/p>\n","protected":false},"author":2,"featured_media":0,"parent":0,"menu_order":0,"comment_status":"closed","ping_status":"closed","template":"","meta":[],"_links":{"self":[{"href":"https:\/\/www.muzejnirecyklace.cz\/index.php?rest_route=\/wp\/v2\/pages\/305"}],"collection":[{"href":"https:\/\/www.muzejnirecyklace.cz\/index.php?rest_route=\/wp\/v2\/pages"}],"about":[{"href":"https:\/\/www.muzejnirecyklace.cz\/index.php?rest_route=\/wp\/v2\/types\/page"}],"author":[{"embeddable":true,"href":"https:\/\/www.muzejnirecyklace.cz\/index.php?rest_route=\/wp\/v2\/users\/2"}],"replies":[{"embeddable":true,"href":"https:\/\/www.muzejnirecyklace.cz\/index.php?rest_route=%2Fwp%2Fv2%2Fcomments&post=305"}],"version-history":[{"count":24,"href":"https:\/\/www.muzejnirecyklace.cz\/index.php?rest_route=\/wp\/v2\/pages\/305\/revisions"}],"predecessor-version":[{"id":798,"href":"https:\/\/www.muzejnirecyklace.cz\/index.php?rest_route=\/wp\/v2\/pages\/305\/revisions\/798"}],"wp:attachment":[{"href":"https:\/\/www.muzejnirecyklace.cz\/index.php?rest_route=%2Fwp%2Fv2%2Fmedia&parent=305"}],"curies":[{"name":"wp","href":"https:\/\/api.w.org\/{rel}","templated":true}]}}