{"id":226,"date":"2021-02-28T10:47:46","date_gmt":"2021-02-28T10:47:46","guid":{"rendered":"http:\/\/www.recyklacnivikend.cz\/?page_id=226"},"modified":"2022-10-05T17:55:47","modified_gmt":"2022-10-05T17:55:47","slug":"vysledky","status":"publish","type":"page","link":"https:\/\/www.muzejnirecyklace.cz\/?page_id=226","title":{"rendered":"V\u00fdsledky sout\u011b\u017e\u00ed 2020"},"content":{"rendered":"\n<div class=\"wp-block-columns alignwide is-layout-flex wp-container-3\">\n<div class=\"wp-block-column is-layout-flow\">\n<h3 class=\"has-accent-color has-text-color wp-block-heading\">Recykla\u010dn\u00ed v\u00edkend <\/h3>\n<\/div>\n\n\n\n<div class=\"wp-block-column is-layout-flow\">\n<h3 class=\"has-accent-color has-text-color wp-block-heading\">M\u00e1te doma muzejn\u00ed kousek?<\/h3>\n\n\n\n<p><\/p>\n<\/div>\n<\/div>\n\n\n\n<div class=\"wp-block-group alignwide\"><div class=\"wp-block-group__inner-container is-layout-flow\">\n<div class=\"wp-block-columns alignwide is-layout-flex wp-container-6\">\n<div class=\"wp-block-column is-layout-flow\">\n<h5 class=\"has-accent-color has-text-color wp-block-heading\"><strong>Recykla\u010dn\u00ed v\u00edkend <\/strong>2020 &#8211; v\u00fdsledky<\/h5>\n\n\n\n<p>Z&nbsp;leto\u0161n\u00edho ro\u010dn\u00edku Recykla\u010dn\u00edho v\u00edkendu, kter\u00fd se musel vzhledem k&nbsp;situaci p\u0159esunout na soci\u00e1ln\u00ed s\u00edt\u011b byly do sb\u00edrky Technika v&nbsp;dom\u00e1cnosti za\u0159azeny tyto t\u0159i p\u0159edm\u011bty:<\/p>\n\n\n\n<p>1) Vlo\u010dkova\u010d obilovin z roku 1994 z produkce tuzemsk\u00e9ho v\u00fdrobn\u00edho dru\u017estva. Jedn\u00e1 se o mechanick\u00fd strojek, kter\u00fd v dom\u00e1cnostech mimo jin\u00e9 slou\u017eil na v\u00fdrobu m\u00fcsli, kter\u00e9 je\u0161t\u011b nebylo na po\u010d\u00e1tku 90. let v na\u0161ich obchodech b\u011b\u017en\u011b dostupn\u00e9, ale zdrav\u00fd \u017eivotn\u00ed styl za\u010d\u00ednal b\u00fdt modern\u00ed.<\/p>\n\n\n\n<p>2) Elektrick\u00e1 napa\u0159ovac\u00ed \u017eehli\u010dka Eta 0271 z 80. let 20. stolet\u00ed v dochovan\u00e9m kompletu s p\u016fvodn\u00ed prodejn\u00ed krabic\u00ed a n\u00e1vodem<\/p>\n\n\n\n<figure class=\"wp-block-image size-large is-resized\"><img decoding=\"async\" loading=\"lazy\" src=\"http:\/\/www.recyklacnivikend.cz\/wp-content\/uploads\/2021\/02\/ETA-0271.jpg\" alt=\"\" class=\"wp-image-289\" width=\"393\" height=\"523\" srcset=\"https:\/\/www.muzejnirecyklace.cz\/wp-content\/uploads\/2021\/02\/ETA-0271.jpg 480w, https:\/\/www.muzejnirecyklace.cz\/wp-content\/uploads\/2021\/02\/ETA-0271-225x300.jpg 225w, https:\/\/www.muzejnirecyklace.cz\/wp-content\/uploads\/2021\/02\/ETA-0271-113x150.jpg 113w\" sizes=\"(max-width: 393px) 100vw, 393px\" \/><\/figure>\n\n\n\n<p>3) Ty\u010dov\u00fd vysava\u010d Eta z poloviny 90. let 20. stolet\u00ed, kter\u00fd ve sb\u00edrce TvD doposud chyb\u011bl. Nav\u00edc dokumentace 90. let 20. stolet\u00ed je pro n\u00e1s nyn\u00ed prim\u00e1rn\u00edm \u00fakolem, proto\u017ee t\u011bchto p\u0159edm\u011bt\u016f se bohu\u017eel v dom\u00e1cnostech mnoho nedochovalo. Rychle se toti\u017e zam\u011b\u0148ovaly za nov\u00e9 spot\u0159ebi\u010de z\u00e1padn\u00edch zna\u010dek.<\/p>\n\n\n\n<figure class=\"wp-block-image size-large is-resized\"><img decoding=\"async\" loading=\"lazy\" src=\"http:\/\/www.recyklacnivikend.cz\/wp-content\/uploads\/2021\/02\/Tycovy-vysavac-ETA-0425.jpg\" alt=\"\" class=\"wp-image-290\" width=\"381\" height=\"508\" srcset=\"https:\/\/www.muzejnirecyklace.cz\/wp-content\/uploads\/2021\/02\/Tycovy-vysavac-ETA-0425.jpg 450w, https:\/\/www.muzejnirecyklace.cz\/wp-content\/uploads\/2021\/02\/Tycovy-vysavac-ETA-0425-225x300.jpg 225w, https:\/\/www.muzejnirecyklace.cz\/wp-content\/uploads\/2021\/02\/Tycovy-vysavac-ETA-0425-113x150.jpg 113w\" sizes=\"(max-width: 381px) 100vw, 381px\" \/><\/figure>\n<\/div>\n\n\n\n<div class=\"wp-block-column is-vertically-aligned-bottom is-layout-flow\">\n<h5 class=\"has-accent-color has-text-color wp-block-heading\"><strong>Muzejn\u00ed kousek roku 2020<\/strong> &#8211; v\u00fdsledky<\/h5>\n\n\n\n<p>V&nbsp;pravidlech sout\u011b\u017ee je i vyhl\u00e1\u0161en\u00ed \u201eNej\u201c muzejn\u00edho kousku za rok 2020, tedy v\u00fdb\u011br toho p\u0159edm\u011btu ze sout\u011b\u017ee, kter\u00fd nejv\u00edce obohatil na\u0161e muzejn\u00ed sb\u00edrky. Leto\u0161n\u00edm absolutn\u00edm v\u00edt\u011bzem se stal vysou\u0161e\u010d vlas\u016f Eta Diola z&nbsp;roku 1968. V\u00edt\u011bz od ELEKTROWINU obdr\u017e\u00ed pouk\u00e1zku na n\u00e1kup nov\u00e9ho spot\u0159ebn\u00edho zbo\u017e\u00ed v&nbsp;hodnot\u011b 5. 000,- K\u010d.<\/p>\n\n\n\n<figure class=\"wp-block-image size-large is-style-default\"><img decoding=\"async\" loading=\"lazy\" width=\"1522\" height=\"1080\" src=\"http:\/\/www.recyklacnivikend.cz\/wp-content\/uploads\/2021\/03\/vysousec-vlasu-Eta_Diola-1522x1080.jpg\" alt=\"\" class=\"wp-image-293\" srcset=\"https:\/\/www.muzejnirecyklace.cz\/wp-content\/uploads\/2021\/03\/vysousec-vlasu-Eta_Diola-1522x1080.jpg 1522w, https:\/\/www.muzejnirecyklace.cz\/wp-content\/uploads\/2021\/03\/vysousec-vlasu-Eta_Diola-300x213.jpg 300w, https:\/\/www.muzejnirecyklace.cz\/wp-content\/uploads\/2021\/03\/vysousec-vlasu-Eta_Diola-150x106.jpg 150w, https:\/\/www.muzejnirecyklace.cz\/wp-content\/uploads\/2021\/03\/vysousec-vlasu-Eta_Diola-768x545.jpg 768w, https:\/\/www.muzejnirecyklace.cz\/wp-content\/uploads\/2021\/03\/vysousec-vlasu-Eta_Diola-1536x1090.jpg 1536w, https:\/\/www.muzejnirecyklace.cz\/wp-content\/uploads\/2021\/03\/vysousec-vlasu-Eta_Diola-2048x1453.jpg 2048w, https:\/\/www.muzejnirecyklace.cz\/wp-content\/uploads\/2021\/03\/vysousec-vlasu-Eta_Diola-1200x851.jpg 1200w, https:\/\/www.muzejnirecyklace.cz\/wp-content\/uploads\/2021\/03\/vysousec-vlasu-Eta_Diola-1980x1405.jpg 1980w\" sizes=\"(max-width: 1522px) 100vw, 1522px\" \/><figcaption>vysou\u0161e\u010d vlas\u016f ETA Diola &#8211; v\u00edt\u011bz sout\u011b\u017ee M\u00e1te doma muzejn\u00ed kousek? 2020<\/figcaption><\/figure>\n\n\n\n<p>V&nbsp;uplynul\u00e9m roce prob\u011bhl ji\u017e \u010dtvrt\u00fd ro\u010dn\u00edk internetov\u00e9 sout\u011b\u017ee s&nbsp;n\u00e1zvem \u201eM\u00e1te doma muzejn\u00ed kousek?\u201c ve spolupr\u00e1ci s&nbsp;kolektivn\u00edm syst\u00e9mem ELEKTROWIN. Sout\u011b\u017e je p\u0159\u00edle\u017eitost nab\u00eddnout sv\u016fj vyslou\u017eil\u00fd spot\u0159ebi\u010d do sb\u00edrek N\u00e1rodn\u00edho technick\u00e9ho muzea i mimo program Recykla\u010dn\u00edho v\u00edkendu, a to online formou z&nbsp;pohodl\u00ed domova. Sout\u011b\u017e byla spu\u0161t\u011bna 1. dubna 2020 a jej\u00ed pr\u016fb\u011b\u017en\u00e9 vyhodnocov\u00e1n\u00ed bylo rozd\u011bleno jako v&nbsp;p\u0159edchoz\u00edch letech do t\u0159\u00ed \u010dtvrtlet\u00ed.<\/p>\n\n\n\n<p>Z&nbsp;v\u00e1rky prvn\u00edho \u010dtvrtlet\u00ed jsme pro sb\u00edrku Technika v&nbsp;dom\u00e1cnosti, vybrali hned t\u0159i p\u0159edm\u011bty. Zaujal n\u00e1s cestovn\u00ed typ \u017eehli\u010dky Rowenta z&nbsp;druh\u00e9 poloviny 80. let 20. stolet\u00ed v dochovan\u00e9m&nbsp;p\u016fvodn\u00edm prodejn\u00edm obalu. D\u00e1le stoln\u00ed oboustrann\u00fd gril Eta tuzemsk\u00e9ho v\u00fdrobce Elektro-Praga Hlinsko ze 70. let minul\u00e9ho stolet\u00ed, tak\u00e9 dochovan\u00fd v&nbsp;p\u016fvodn\u00ed prodejn\u00ed krabici a vysou\u0161e\u010d vlas\u016f Eta Diola z&nbsp;roku 1968 takt\u00e9\u017e v&nbsp;p\u016fvodn\u00edm obalu s n\u00e1vodem.<\/p>\n\n\n\n<figure class=\"wp-block-image size-large\"><img decoding=\"async\" loading=\"lazy\" width=\"600\" height=\"590\" src=\"http:\/\/www.recyklacnivikend.cz\/wp-content\/uploads\/2021\/02\/Rowenta-1.jpg\" alt=\"\" class=\"wp-image-287\" srcset=\"https:\/\/www.muzejnirecyklace.cz\/wp-content\/uploads\/2021\/02\/Rowenta-1.jpg 600w, https:\/\/www.muzejnirecyklace.cz\/wp-content\/uploads\/2021\/02\/Rowenta-1-300x295.jpg 300w, https:\/\/www.muzejnirecyklace.cz\/wp-content\/uploads\/2021\/02\/Rowenta-1-150x148.jpg 150w\" sizes=\"(max-width: 600px) 100vw, 600px\" \/><\/figure>\n\n\n\n<p>V&nbsp;druh\u00e9m \u010dtvrtlet\u00ed jsme vybrali pro sb\u00edrku dva p\u0159edm\u011bty, a to ikonick\u00fd vysava\u010d Standard z&nbsp;druh\u00e9 poloviny 50. let 20. stolet\u00ed, kter\u00fd samoz\u0159ejm\u011b ve sb\u00edrce ji\u017e m\u00e1me, ale tento kousek n\u00e1s uhranul svou kompletnost\u00ed v\u010detn\u011b dochovan\u00e9 p\u016fvodn\u00ed bra\u0161ny, do kter\u00e9 se vysava\u010d i s&nbsp;p\u0159\u00edslu\u0161enstv\u00edm ukl\u00e1d\u00e1. Druh\u00fdm p\u0159edm\u011btem je elektrick\u00e1 \u017eehli\u010dka z&nbsp;konce 30. let minul\u00e9ho stolet\u00ed, kterou vyrobila dce\u0159in\u00e1 spole\u010dnost \u010cKD Elektro-Praga, s.r.o. Bohu\u017eel v&nbsp;posledn\u00edm, t\u0159et\u00edm \u010dtvrtlet\u00ed sout\u011b\u017ee, n\u00e1s nezaujal \u017e\u00e1dn\u00fd nab\u00edzen\u00fd p\u0159edm\u011bt.<\/p>\n\n\n\n<figure class=\"wp-block-image size-large\"><img decoding=\"async\" loading=\"lazy\" width=\"1000\" height=\"563\" src=\"http:\/\/www.recyklacnivikend.cz\/wp-content\/uploads\/2021\/02\/vysavac_Standard.jpg\" alt=\"\" class=\"wp-image-284\" srcset=\"https:\/\/www.muzejnirecyklace.cz\/wp-content\/uploads\/2021\/02\/vysavac_Standard.jpg 1000w, https:\/\/www.muzejnirecyklace.cz\/wp-content\/uploads\/2021\/02\/vysavac_Standard-300x169.jpg 300w, https:\/\/www.muzejnirecyklace.cz\/wp-content\/uploads\/2021\/02\/vysavac_Standard-768x432.jpg 768w\" sizes=\"(max-width: 1000px) 100vw, 1000px\" \/><\/figure>\n<\/div>\n<\/div>\n\n\n\n<div class=\"wp-block-group alignwide is-layout-flow\"><div class=\"wp-block-group__inner-container\"><\/div><\/div>\n<\/div><\/div>\n\n\n\n<p><\/p>\n","protected":false},"excerpt":{"rendered":"<p>Recykla\u010dn\u00ed v\u00edkend M\u00e1te doma muzejn\u00ed kousek? Recykla\u010dn\u00ed v\u00edkend 2020 &#8211; v\u00fdsledky Z&nbsp;leto\u0161n\u00edho ro\u010dn\u00edku Recykla\u010dn\u00edho v\u00edkendu, kter\u00fd se musel vzhledem k&nbsp;situaci p\u0159esunout na soci\u00e1ln\u00ed s\u00edt\u011b byly do sb\u00edrky Technika v&nbsp;dom\u00e1cnosti za\u0159azeny tyto t\u0159i p\u0159edm\u011bty: 1) Vlo\u010dkova\u010d obilovin z roku 1994 z produkce tuzemsk\u00e9ho v\u00fdrobn\u00edho dru\u017estva. Jedn\u00e1 se o mechanick\u00fd strojek, kter\u00fd v dom\u00e1cnostech mimo jin\u00e9 slou\u017eil [&hellip;]<\/p>\n","protected":false},"author":2,"featured_media":0,"parent":10,"menu_order":0,"comment_status":"closed","ping_status":"closed","template":"","meta":[],"_links":{"self":[{"href":"https:\/\/www.muzejnirecyklace.cz\/index.php?rest_route=\/wp\/v2\/pages\/226"}],"collection":[{"href":"https:\/\/www.muzejnirecyklace.cz\/index.php?rest_route=\/wp\/v2\/pages"}],"about":[{"href":"https:\/\/www.muzejnirecyklace.cz\/index.php?rest_route=\/wp\/v2\/types\/page"}],"author":[{"embeddable":true,"href":"https:\/\/www.muzejnirecyklace.cz\/index.php?rest_route=\/wp\/v2\/users\/2"}],"replies":[{"embeddable":true,"href":"https:\/\/www.muzejnirecyklace.cz\/index.php?rest_route=%2Fwp%2Fv2%2Fcomments&post=226"}],"version-history":[{"count":13,"href":"https:\/\/www.muzejnirecyklace.cz\/index.php?rest_route=\/wp\/v2\/pages\/226\/revisions"}],"predecessor-version":[{"id":316,"href":"https:\/\/www.muzejnirecyklace.cz\/index.php?rest_route=\/wp\/v2\/pages\/226\/revisions\/316"}],"up":[{"embeddable":true,"href":"https:\/\/www.muzejnirecyklace.cz\/index.php?rest_route=\/wp\/v2\/pages\/10"}],"wp:attachment":[{"href":"https:\/\/www.muzejnirecyklace.cz\/index.php?rest_route=%2Fwp%2Fv2%2Fmedia&parent=226"}],"curies":[{"name":"wp","href":"https:\/\/api.w.org\/{rel}","templated":true}]}}