{"id":12,"date":"2020-10-07T08:05:20","date_gmt":"2020-10-07T08:05:20","guid":{"rendered":"http:\/\/www.recyklacnivikend.cz\/?page_id=12"},"modified":"2022-10-05T17:55:47","modified_gmt":"2022-10-05T17:55:47","slug":"kontakt","status":"publish","type":"page","link":"https:\/\/www.muzejnirecyklace.cz\/?page_id=12","title":{"rendered":"Kontakt"},"content":{"rendered":"\n<p class=\"has-text-align-left has-accent-color has-text-color\" style=\"font-size:25px\"><strong>Nestihli jste se zapojit a nechce se V\u00e1m \u010dekat na dal\u0161\u00ed ro\u010dn\u00edk? Na\u0161li jste doma n\u011bco, co rozhodn\u011b pat\u0159\u00ed do muzea, nebo m\u00e1te jen n\u011bkolik ot\u00e1zek pro n\u00e1s? Dejte n\u00e1m v\u011bd\u011bt. <\/strong><\/p>\n\n\n\n<div class=\"wp-block-columns alignwide is-layout-flex wp-container-2\">\n<div class=\"wp-block-column is-layout-flow\">\n<h2 class=\"has-text-align-center has-text-color wp-block-heading\" style=\"color:#fe0707\"><span style=\"color:#a30016\" class=\"has-inline-color\">N\u00e1rodn\u00ed technick\u00e9 muzeum<\/span><\/h2>\n\n\n\n<p class=\"has-text-align-center\" style=\"font-size:30px\">Mgr. Lucie St\u0159echov\u00e1<\/p>\n\n\n\n<p class=\"has-text-align-center\" style=\"font-size:20px\">kur\u00e1torka odd\u011blen\u00ed Technika v dom\u00e1cnosti a textiln\u00ed pr\u016fmysl<\/p>\n\n\n\n<p class=\"has-text-align-center\" style=\"font-size:20px\">email: <a href=\"mailto:lucie.strechova@ntm.cz\" target=\"_blank\" rel=\"noreferrer noopener\">lucie.strechova@ntm.cz<\/a><br>telefon: 601 592 805<\/p>\n<\/div>\n<\/div>\n\n\n\n<p><\/p>\n","protected":false},"excerpt":{"rendered":"<p>Nestihli jste se zapojit a nechce se V\u00e1m \u010dekat na dal\u0161\u00ed ro\u010dn\u00edk? Na\u0161li jste doma n\u011bco, co rozhodn\u011b pat\u0159\u00ed do muzea, nebo m\u00e1te jen n\u011bkolik ot\u00e1zek pro n\u00e1s? Dejte n\u00e1m v\u011bd\u011bt. N\u00e1rodn\u00ed technick\u00e9 muzeum Mgr. Lucie St\u0159echov\u00e1 kur\u00e1torka odd\u011blen\u00ed Technika v dom\u00e1cnosti a textiln\u00ed pr\u016fmysl email: lucie.strechova@ntm.cztelefon: 601 592 805<\/p>\n","protected":false},"author":2,"featured_media":0,"parent":0,"menu_order":0,"comment_status":"closed","ping_status":"closed","template":"","meta":[],"_links":{"self":[{"href":"https:\/\/www.muzejnirecyklace.cz\/index.php?rest_route=\/wp\/v2\/pages\/12"}],"collection":[{"href":"https:\/\/www.muzejnirecyklace.cz\/index.php?rest_route=\/wp\/v2\/pages"}],"about":[{"href":"https:\/\/www.muzejnirecyklace.cz\/index.php?rest_route=\/wp\/v2\/types\/page"}],"author":[{"embeddable":true,"href":"https:\/\/www.muzejnirecyklace.cz\/index.php?rest_route=\/wp\/v2\/users\/2"}],"replies":[{"embeddable":true,"href":"https:\/\/www.muzejnirecyklace.cz\/index.php?rest_route=%2Fwp%2Fv2%2Fcomments&post=12"}],"version-history":[{"count":7,"href":"https:\/\/www.muzejnirecyklace.cz\/index.php?rest_route=\/wp\/v2\/pages\/12\/revisions"}],"predecessor-version":[{"id":546,"href":"https:\/\/www.muzejnirecyklace.cz\/index.php?rest_route=\/wp\/v2\/pages\/12\/revisions\/546"}],"wp:attachment":[{"href":"https:\/\/www.muzejnirecyklace.cz\/index.php?rest_route=%2Fwp%2Fv2%2Fmedia&parent=12"}],"curies":[{"name":"wp","href":"https:\/\/api.w.org\/{rel}","templated":true}]}}