{"id":11,"date":"2020-10-07T08:05:20","date_gmt":"2020-10-07T08:05:20","guid":{"rendered":"http:\/\/www.recyklacnivikend.cz\/?page_id=11"},"modified":"2024-09-23T12:07:43","modified_gmt":"2024-09-23T12:07:43","slug":"o-nas","status":"publish","type":"page","link":"https:\/\/www.muzejnirecyklace.cz\/?page_id=11","title":{"rendered":"O n\u00e1s"},"content":{"rendered":"\n<div class=\"wp-block-columns alignwide is-layout-flex wp-container-3\">\n<div class=\"wp-block-column is-layout-flow\">\n<div class=\"wp-block-media-text alignwide is-stacked-on-mobile\" style=\"grid-template-columns:20% auto\"><figure class=\"wp-block-media-text__media\"><a href=\"http:\/\/www.ntm.cz\/\"><img decoding=\"async\" loading=\"lazy\" width=\"944\" height=\"944\" src=\"https:\/\/www.muzejnirecyklace.cz\/wp-content\/uploads\/2020\/10\/NTM-cervene-negativ-1.jpg\" alt=\"http:\/\/www.ntm.cz\/\" class=\"wp-image-55 size-full\" srcset=\"https:\/\/www.muzejnirecyklace.cz\/wp-content\/uploads\/2020\/10\/NTM-cervene-negativ-1.jpg 944w, https:\/\/www.muzejnirecyklace.cz\/wp-content\/uploads\/2020\/10\/NTM-cervene-negativ-1-300x300.jpg 300w, https:\/\/www.muzejnirecyklace.cz\/wp-content\/uploads\/2020\/10\/NTM-cervene-negativ-1-150x150.jpg 150w, https:\/\/www.muzejnirecyklace.cz\/wp-content\/uploads\/2020\/10\/NTM-cervene-negativ-1-768x768.jpg 768w\" sizes=\"(max-width: 944px) 100vw, 944px\" \/><\/a><\/figure><div class=\"wp-block-media-text__content\">\n<h2 class=\"wp-block-heading has-text-align-center has-text-color\" style=\"color:#c92b04;font-size:40px\">N\u00e1rodn\u00ed technick\u00e9 muzeum<\/h2>\n<\/div><\/div>\n\n\n\n<p class=\"has-text-color\" style=\"color:#e30110;font-size:22px\"><strong>N\u00e1rodn\u00ed technick\u00e9 muzeum, zalo\u017een\u00e9 roku 1908, je nejv\u011bt\u0161\u00ed \u010deskou instituc\u00ed specializovanou na muzejn\u00ed expon\u00e1ty technick\u00e9ho charakteru. Shroma\u017e\u010fuje sb\u00edrky dokumentuj\u00edc\u00ed v\u00fdvoj v\u011bdy, techniky a pr\u016fmyslu v \u010desk\u00fdch zem\u00edch.<\/strong><\/p>\n\n\n\n<figure class=\"wp-block-image alignfull size-large is-style-default\"><img decoding=\"async\" loading=\"lazy\" width=\"1024\" height=\"683\" src=\"http:\/\/www.recyklacnivikend.cz\/wp-content\/uploads\/2020\/10\/NTM-budova-1-1024x683.jpg\" alt=\"\" class=\"wp-image-176\" srcset=\"https:\/\/www.muzejnirecyklace.cz\/wp-content\/uploads\/2020\/10\/NTM-budova-1-1024x683.jpg 1024w, https:\/\/www.muzejnirecyklace.cz\/wp-content\/uploads\/2020\/10\/NTM-budova-1-300x200.jpg 300w, https:\/\/www.muzejnirecyklace.cz\/wp-content\/uploads\/2020\/10\/NTM-budova-1-768x512.jpg 768w, https:\/\/www.muzejnirecyklace.cz\/wp-content\/uploads\/2020\/10\/NTM-budova-1-1536x1024.jpg 1536w, https:\/\/www.muzejnirecyklace.cz\/wp-content\/uploads\/2020\/10\/NTM-budova-1-1200x800.jpg 1200w, https:\/\/www.muzejnirecyklace.cz\/wp-content\/uploads\/2020\/10\/NTM-budova-1-1980x1320.jpg 1980w, https:\/\/www.muzejnirecyklace.cz\/wp-content\/uploads\/2020\/10\/NTM-budova-1.jpg 2048w\" sizes=\"(max-width: 1024px) 100vw, 1024px\" \/><figcaption class=\"wp-element-caption\">Budova N\u00e1rodn\u00edho technick\u00e9ho muzea v Praze na Letn\u00e9<\/figcaption><\/figure>\n\n\n\n<p>V na\u0161em muzeu naleznete rozs\u00e1hl\u00e9 sb\u00edrky dokumentuj\u00edc\u00ed v\u00fdvoj mnoha technick\u00fdch obor\u016f, p\u0159\u00edrodn\u00edch a exaktn\u00edch v\u011bd a pr\u016fmyslu na \u00fazem\u00ed dne\u0161n\u00ed \u010cesk\u00e9 republiky. Nejzaj\u00edmav\u011bj\u0161\u00ed a v \u0159ad\u011b p\u0159\u00edpadech unik\u00e1tn\u00ed sb\u00edrkov\u00e9 p\u0159edm\u011bty si m\u016f\u017eete prohl\u00e9dnout ve st\u00e1l\u00fdch expozic\u00edch i kr\u00e1tkodob\u00fdch v\u00fdstav\u00e1ch. <\/p>\n\n\n\n<p style=\"font-size:20px\">Z\u00e1jemci o d\u016fkladn\u011bj\u0161\u00ed pozn\u00e1n\u00ed d\u011bjin techniky a \u0161ir\u0161\u00edch souvislost\u00ed maj\u00ed k dispozici tak\u00e9 bohatou knihovnu a archiv d\u011bjin techniky a pr\u016fmyslu. <\/p>\n\n\n\n<p style=\"font-size:20px\">P\u0159edev\u0161\u00edm \u0161kol\u00e1m ni\u017e\u0161\u00edch a st\u0159edn\u00edch stup\u0148\u016f, ale tak\u00e9 p\u0159edem ohl\u00e1\u0161en\u00fdm skupin\u00e1m n\u00e1v\u0161t\u011bvn\u00edk\u016f, p\u0159ipravuje n\u00e1zorn\u00e9 a interaktivn\u00ed vzd\u011bl\u00e1vac\u00ed programy odd\u011blen\u00ed muzejn\u00ed pedagogiky nazvan\u00e9 ENTER. M\u00e1me tak\u00e9 vlastn\u00ed v\u00fdzkumn\u00e9 pracovi\u0161t\u011b se svou publika\u010dn\u00ed a vzd\u011bl\u00e1vac\u00ed \u010dinnost\u00ed z oblasti d\u011bjin a techniky. Nejsme jen instituc\u00ed v\u00fdstavn\u00ed. <\/p>\n\n\n\n<p style=\"font-size:20px\">Krom\u011b st\u00e1l\u00fdch expozic a p\u0159\u00edle\u017eitostn\u00fdch v\u00fdstav pln\u00ed v oblasti d\u011bjin v\u011bd a techniky \u00fakoly badatelsk\u00e9, populariza\u010dn\u00ed a z\u00e1bavn\u00e9. P\u016fsob\u00ed zde odd\u011blen\u00ed pro d\u011bjiny techniky, kter\u00e9 prov\u00e1d\u00ed aktivn\u00ed v\u00fdzkum, jeho\u017e v\u00fdsledky p\u0159in\u00e1\u0161\u00ed v podob\u011b publikac\u00ed. Po\u0159\u00e1d\u00e1 semin\u00e1\u0159e a konference, z nich\u017e n\u011bkter\u00e9 maj\u00ed mezin\u00e1rodn\u00ed charakter. <\/p>\n\n\n\n<p style=\"font-size:20px\">T\u011b\u0161\u00edme se na Va\u0161i n\u00e1v\u0161t\u011bvu!<\/p>\n<\/div>\n\n\n\n<div class=\"wp-block-column is-layout-flow\">\n<div class=\"wp-block-media-text alignwide is-stacked-on-mobile\" style=\"grid-template-columns:42% auto\"><figure class=\"wp-block-media-text__media\"><a href=\"https:\/\/www.elektrowin.cz\/\"><img decoding=\"async\" loading=\"lazy\" width=\"1197\" height=\"197\" src=\"https:\/\/www.muzejnirecyklace.cz\/wp-content\/uploads\/2024\/06\/Logo-Elektrowin-RGB_new-pozitiv-9.jpg\" alt=\"\" class=\"wp-image-741 size-full\" srcset=\"https:\/\/www.muzejnirecyklace.cz\/wp-content\/uploads\/2024\/06\/Logo-Elektrowin-RGB_new-pozitiv-9.jpg 1197w, https:\/\/www.muzejnirecyklace.cz\/wp-content\/uploads\/2024\/06\/Logo-Elektrowin-RGB_new-pozitiv-9-300x49.jpg 300w, https:\/\/www.muzejnirecyklace.cz\/wp-content\/uploads\/2024\/06\/Logo-Elektrowin-RGB_new-pozitiv-9-150x25.jpg 150w, https:\/\/www.muzejnirecyklace.cz\/wp-content\/uploads\/2024\/06\/Logo-Elektrowin-RGB_new-pozitiv-9-768x126.jpg 768w\" sizes=\"(max-width: 1197px) 100vw, 1197px\" \/><\/a><\/figure><div class=\"wp-block-media-text__content\">\n<h2 class=\"wp-block-heading has-accent-color has-text-color\" style=\"font-size:34px\">ELEKTROWIN a.s. <\/h2>\n<\/div><\/div>\n\n\n\n<p><\/p>\n\n\n\n<p class=\"has-accent-color has-text-color\" style=\"font-size:22px\"><strong>Spole\u010dnost ELEKTROWIN a.s. byla zalo\u017eena\u00a025. kv\u011btna\u00a02005 jako provozovatel kolektivn\u00edho syst\u00e9mu, a\u00a0to v\u00fdrobci velk\u00fdch a\u00a0mal\u00fdch dom\u00e1c\u00edch spot\u0159ebi\u010d\u016f. Do obchodn\u00edho rejst\u0159\u00edku byla zapsan\u00e1 15. \u010dervence 2005 a\u00a05. prosince nabylo pr\u00e1vn\u00ed moci rozhodnut\u00ed o\u00a0registraci kolektivn\u00edho syst\u00e9mu Elektrowin na\u00a0M\u017dP pod registra\u010dn\u00edm \u010d\u00edslem KH 001\/05-ECZ.<\/strong><\/p>\n\n\n\n<p style=\"font-size:20px\"><strong><strong>Elektrowin <\/strong>je kolektivn\u00ed syst\u00e9m zam\u011b\u0159en\u00fd na\u00a0zp\u011btn\u00fd odb\u011br odpadn\u00edch elektrospot\u0159ebi\u010d\u016f v\u00a0\u010cesk\u00e9 republice. Od sv\u00e9ho zalo\u017een\u00ed v\u00a0roce 2005 ji\u017e zrecykloval v\u00edce ne\u017e 36 milion\u016f vy\u0159azen\u00fdch elektrospot\u0159ebi\u010d\u016f o\u00a0celkov\u00e9 hmotnosti v\u00edce ne\u017e 661 000 tun.<\/strong><\/p>\n\n\n\n<div class=\"wp-block-media-text alignwide is-stacked-on-mobile\"><figure class=\"wp-block-media-text__media\"><img decoding=\"async\" loading=\"lazy\" width=\"419\" height=\"404\" src=\"http:\/\/www.recyklacnivikend.cz\/wp-content\/uploads\/2020\/10\/elektro-obrazek.png\" alt=\"\" class=\"wp-image-164 size-full\" srcset=\"https:\/\/www.muzejnirecyklace.cz\/wp-content\/uploads\/2020\/10\/elektro-obrazek.png 419w, https:\/\/www.muzejnirecyklace.cz\/wp-content\/uploads\/2020\/10\/elektro-obrazek-300x289.png 300w\" sizes=\"(max-width: 419px) 100vw, 419px\" \/><\/figure><div class=\"wp-block-media-text__content\">\n<p class=\"has-large-font-size\">Spole\u010dnost nen\u00ed zalo\u017eena za \u00fa\u010delem zisku, jej\u00edmi akcion\u00e1\u0159i jsou p\u0159edn\u00ed v\u00fdrobci velk\u00fdch a mal\u00fdch spot\u0159ebi\u010d\u016f.<\/p>\n<\/div><\/div>\n\n\n\n<p><strong>Ve&nbsp;stanov\u00e1ch spole\u010dnosti je&nbsp;zakotvena&nbsp;neziskov\u00e1 \u010dinnost.<\/strong><\/p>\n\n\n\n<p style=\"font-size:20px\">Sb\u011brnou s\u00ed\u0165 tvo\u0159\u00ed t\u00e9m\u011b\u0159 14 000 sb\u011brn\u00fdch m\u00edst, z&nbsp;toho v\u00edce ne\u017e 4 600 je&nbsp;ve\u0159ejn\u011b dostupn\u00fdch. Ve\u0159ejn\u011b dostupn\u00e1 m\u00edsta jsou vytvo\u0159ena&nbsp;ve&nbsp;spolupr\u00e1ci s&nbsp;1 500 m\u011bsty a&nbsp;obcemi na&nbsp;2 300 sb\u011brn\u00fdch dvorech a&nbsp;um\u00edst\u011bn\u00fdch kontejnerech na&nbsp;mal\u00e9 spot\u0159ebi\u010de a&nbsp;v 2 400 provozovn\u00e1ch posledn\u00edch prodejc\u016f. Ve\u0159ejn\u00fd sb\u011br tak\u00e9 prob\u00edh\u00e1 prost\u0159ednictv\u00edm mobiln\u00edch svoz\u016f v&nbsp;zaregistrovan\u00fdch obc\u00edch a&nbsp;v obc\u00edch, kde p\u016fsob\u00ed sbory dobrovoln\u00fdch hasi\u010d\u016f, kter\u00fdch je&nbsp;do na\u0161eho projektu zapojeno ji\u017e v\u00edce ne\u017e 1 400. <\/p>\n\n\n\n<p style=\"font-size:20px\">Dal\u0161\u00ed sb\u011brn\u00e1 m\u00edsta jsou vytv\u00e1\u0159ena&nbsp;speci\u00e1ln\u011b pro projekty zam\u011b\u0159en\u00e9 na&nbsp;zp\u011btn\u00fd odb\u011br elektroza\u0159\u00edzen\u00ed, nap\u0159. ve&nbsp;\u0161kol\u00e1ch v&nbsp;r\u00e1mci projektu Recyklohran\u00ed aneb Ukli\u010fme si sv\u011bt, ve&nbsp;firm\u00e1ch (v\u011bze\u0148sk\u00e1 slu\u017eby, dopravn\u00ed podniky apod.)<\/p>\n\n\n\n<p style=\"font-size:20px\">Podpo\u0159te n\u00e1s v r\u00e1mci recykla\u010dn\u00edho v\u00edkendu<\/p>\n<\/div>\n<\/div>\n","protected":false},"excerpt":{"rendered":"<p>N\u00e1rodn\u00ed technick\u00e9 muzeum N\u00e1rodn\u00ed technick\u00e9 muzeum, zalo\u017een\u00e9 roku 1908, je nejv\u011bt\u0161\u00ed \u010deskou instituc\u00ed specializovanou na muzejn\u00ed expon\u00e1ty technick\u00e9ho charakteru. Shroma\u017e\u010fuje sb\u00edrky dokumentuj\u00edc\u00ed v\u00fdvoj v\u011bdy, techniky a pr\u016fmyslu v \u010desk\u00fdch zem\u00edch. V na\u0161em muzeu naleznete rozs\u00e1hl\u00e9 sb\u00edrky dokumentuj\u00edc\u00ed v\u00fdvoj mnoha technick\u00fdch obor\u016f, p\u0159\u00edrodn\u00edch a exaktn\u00edch v\u011bd a pr\u016fmyslu na \u00fazem\u00ed dne\u0161n\u00ed \u010cesk\u00e9 republiky. Nejzaj\u00edmav\u011bj\u0161\u00ed a v [&hellip;]<\/p>\n","protected":false},"author":2,"featured_media":0,"parent":0,"menu_order":0,"comment_status":"closed","ping_status":"closed","template":"","meta":[],"_links":{"self":[{"href":"https:\/\/www.muzejnirecyklace.cz\/index.php?rest_route=\/wp\/v2\/pages\/11"}],"collection":[{"href":"https:\/\/www.muzejnirecyklace.cz\/index.php?rest_route=\/wp\/v2\/pages"}],"about":[{"href":"https:\/\/www.muzejnirecyklace.cz\/index.php?rest_route=\/wp\/v2\/types\/page"}],"author":[{"embeddable":true,"href":"https:\/\/www.muzejnirecyklace.cz\/index.php?rest_route=\/wp\/v2\/users\/2"}],"replies":[{"embeddable":true,"href":"https:\/\/www.muzejnirecyklace.cz\/index.php?rest_route=%2Fwp%2Fv2%2Fcomments&post=11"}],"version-history":[{"count":16,"href":"https:\/\/www.muzejnirecyklace.cz\/index.php?rest_route=\/wp\/v2\/pages\/11\/revisions"}],"predecessor-version":[{"id":771,"href":"https:\/\/www.muzejnirecyklace.cz\/index.php?rest_route=\/wp\/v2\/pages\/11\/revisions\/771"}],"wp:attachment":[{"href":"https:\/\/www.muzejnirecyklace.cz\/index.php?rest_route=%2Fwp%2Fv2%2Fmedia&parent=11"}],"curies":[{"name":"wp","href":"https:\/\/api.w.org\/{rel}","templated":true}]}}