{"id":10,"date":"2020-10-07T08:05:20","date_gmt":"2020-10-07T08:05:20","guid":{"rendered":"http:\/\/www.recyklacnivikend.cz\/?page_id=10"},"modified":"2025-10-10T07:40:59","modified_gmt":"2025-10-10T07:40:59","slug":"recyklacni-vikend","status":"publish","type":"page","link":"https:\/\/www.muzejnirecyklace.cz\/?page_id=10","title":{"rendered":"Recykla\u010dn\u00ed v\u00edkend"},"content":{"rendered":"\n<h2 class=\"wp-block-heading has-text-align-center has-accent-color has-accent-background-color has-text-color has-background\"><strong><a href=\"https:\/\/www.muzejnirecyklace.cz\/?page_id=305\">V\u00fdsledky sout\u011b\u017e\u00ed<\/a><\/strong><\/h2>\n\n\n\n<div class=\"wp-block-columns alignfull is-layout-flex wp-container-4\">\n<div class=\"wp-block-column is-layout-flow\" style=\"flex-basis:25%\">\n<figure class=\"wp-block-image size-large is-resized is-style-default\"><img decoding=\"async\" loading=\"lazy\" src=\"http:\/\/www.recyklacnivikend.cz\/wp-content\/uploads\/2020\/10\/NTM-cervene-negativ-1.jpg\" alt=\"http:\/\/www.ntm.cz\/\" class=\"wp-image-55\" width=\"181\" height=\"181\" srcset=\"https:\/\/www.muzejnirecyklace.cz\/wp-content\/uploads\/2020\/10\/NTM-cervene-negativ-1.jpg 944w, https:\/\/www.muzejnirecyklace.cz\/wp-content\/uploads\/2020\/10\/NTM-cervene-negativ-1-300x300.jpg 300w, https:\/\/www.muzejnirecyklace.cz\/wp-content\/uploads\/2020\/10\/NTM-cervene-negativ-1-150x150.jpg 150w, https:\/\/www.muzejnirecyklace.cz\/wp-content\/uploads\/2020\/10\/NTM-cervene-negativ-1-768x768.jpg 768w\" sizes=\"(max-width: 181px) 100vw, 181px\" \/><\/figure>\n<\/div>\n\n\n\n<div class=\"wp-block-column is-vertically-aligned-center is-layout-flow\" style=\"flex-basis:50%\">\n<p class=\"has-text-align-center has-accent-color has-text-color\" style=\"font-size:28px\"><strong>M\u00e1te doma star\u00fd spot\u0159ebi\u010d, kter\u00fd podle V\u00e1s u\u017e pat\u0159\u00ed do muzea nebo do star\u00e9ho \u017eeleza? P\u0159ipojte se k n\u00e1m v r\u00e1mci akce Recykla\u010dn\u00ed v\u00edkend a my V\u00e1m r\u00e1di porad\u00edme, jak se spot\u0159ebi\u010dem ekologicky nalo\u017eit. A pokud skon\u010d\u00ed v muzeu, t\u0159eba jej budete moci vid\u011bt i vystaven\u00fd.<\/strong> <strong>Recykla\u010dn\u00ed v\u00edkend se kon\u00e1 ve dnech 10. a\u017e 12 \u0159\u00edjna 2025, v\u00a0r\u00e1mci oslav Mezin\u00e1rodn\u00edho dne elektroodpadu, kter\u00fd p\u0159ipad\u00e1 na 14. \u0159\u00edjen<\/strong>.<\/p>\n\n\n\n<h2 class=\"wp-block-heading has-text-align-center has-background-color has-accent-background-color has-text-color has-background\" style=\"font-size:30px\"><a href=\"https:\/\/www.muzejnirecyklace.cz\/?page_id=96\">Chci se zapojit<\/a><\/h2>\n\n\n\n<p><\/p>\n<\/div>\n\n\n\n<div class=\"wp-block-column is-layout-flow\" style=\"flex-basis:25%\">\n<figure class=\"wp-block-image size-full is-style-default\"><img decoding=\"async\" loading=\"lazy\" width=\"1197\" height=\"197\" src=\"https:\/\/www.muzejnirecyklace.cz\/wp-content\/uploads\/2024\/06\/Logo-Elektrowin-RGB_new-pozitiv-5.jpg\" alt=\"\" class=\"wp-image-735\" srcset=\"https:\/\/www.muzejnirecyklace.cz\/wp-content\/uploads\/2024\/06\/Logo-Elektrowin-RGB_new-pozitiv-5.jpg 1197w, https:\/\/www.muzejnirecyklace.cz\/wp-content\/uploads\/2024\/06\/Logo-Elektrowin-RGB_new-pozitiv-5-300x49.jpg 300w, https:\/\/www.muzejnirecyklace.cz\/wp-content\/uploads\/2024\/06\/Logo-Elektrowin-RGB_new-pozitiv-5-150x25.jpg 150w, https:\/\/www.muzejnirecyklace.cz\/wp-content\/uploads\/2024\/06\/Logo-Elektrowin-RGB_new-pozitiv-5-768x126.jpg 768w\" sizes=\"(max-width: 1197px) 100vw, 1197px\" \/><\/figure>\n<\/div>\n<\/div>\n\n\n\n<h2 class=\"wp-block-heading has-text-align-center has-secondary-color has-text-color\" style=\"font-size:50px\"><a href=\"https:\/\/www.muzejnirecyklace.cz\/?page_id=592\" target=\"_blank\" rel=\"noreferrer noopener\">T\u00e9ma: Jak to bylo s remoskou \ud83d\udd0d<\/a><\/h2>\n\n\n\n<div class=\"wp-block-columns alignwide is-layout-flex wp-container-11\">\n<div class=\"wp-block-column is-layout-flow\">\n<div class=\"wp-block-group is-layout-flow\"><div class=\"wp-block-group__inner-container\">\n<h3 class=\"wp-block-heading has-accent-background-color has-background\">Kdo akci po\u0159\u00e1d\u00e1?<\/h3>\n\n\n\n<p class=\"has-primary-color has-text-color\" style=\"font-size:25px\">N\u00e1rodn\u00ed technick\u00e9 muzeum a kolektivn\u00ed syst\u00e9m Elektrowin. N\u00e1rodn\u00ed technick\u00e9 muzeum sb\u00edr\u00e1 a kolektivn\u00ed syst\u00e9m Elektrowin ekologicky recykluje.<\/p>\n\n\n\n<div class=\"wp-block-button is-style-outline aligncenter\"><a class=\"wp-block-button__link wp-element-button\" href=\"https:\/\/www.muzejnirecyklace.cz\/?page_id=11\">Chci v\u011bd\u011bt v\u00edc<\/a><\/div>\n<\/div><\/div>\n\n\n\n<div class=\"wp-block-group is-layout-flow\"><div class=\"wp-block-group__inner-container\">\n<h3 class=\"wp-block-heading has-accent-background-color has-background\">Jak se mohu zapojit?<\/h3>\n\n\n\n<p style=\"font-size:25px\">Nab\u00eddn\u011bte sv\u016fj star\u00fd spot\u0159ebi\u010d do N\u00e1rodn\u00edho technick\u00e9ho muzea nebo si nechte poradit jak se jej \u0161etrn\u011b zbavit. Spojit se s n\u00e1mi m\u016f\u017eete v r\u00e1mci akce Recykla\u010dn\u00ed v\u00edkend.<\/p>\n\n\n\n<div class=\"wp-block-button is-style-outline aligncenter\"><a class=\"wp-block-button__link wp-element-button\" href=\"https:\/\/www.muzejnirecyklace.cz\/?page_id=96\">chci se zapojit<\/a><\/div>\n<\/div><\/div>\n<\/div>\n\n\n\n<div class=\"wp-block-column is-layout-flow\">\n<div class=\"wp-block-group is-layout-flow\"><div class=\"wp-block-group__inner-container\">\n<h3 class=\"wp-block-heading has-accent-background-color has-background\">P\u0159edchoz\u00ed ro\u010dn\u00edky<\/h3>\n\n\n\n<p style=\"font-size:25px\">Ned\u011bl\u00e1me to poprv\u00e9 a m\u00e1me sv\u00e9 zku\u0161enosti. Pod\u00edvejte se s n\u00e1mi na p\u0159edchoz\u00ed ro\u010dn\u00edky a nechte se inspirovat. R\u00e1di se o sv\u00e9 zku\u0161enosti pod\u011bl\u00edme.<\/p>\n\n\n\n<div class=\"wp-block-button is-style-outline aligncenter\"><a class=\"wp-block-button__link wp-element-button\" href=\"https:\/\/www.muzejnirecyklace.cz\/?page_id=305\">To m\u011b zaj\u00edm\u00e1<\/a><\/div>\n<\/div><\/div>\n\n\n\n<div class=\"wp-block-group is-layout-flow\"><div class=\"wp-block-group__inner-container\">\n<h3 class=\"wp-block-heading has-accent-background-color has-background\">Napi\u0161te n\u00e1m<\/h3>\n\n\n\n<p style=\"font-size:25px\">Zp\u011btn\u00e9 vazby si cen\u00edme a r\u00e1di se je\u0161t\u011b zlep\u0161\u00edme. M\u00e1te-li n\u00e1pad nebo je ekologie Va\u0161e t\u00e9ma a cht\u011bli byste s n\u00e1mi spolupracovat, ozv\u011bte se n\u00e1m.<\/p>\n\n\n\n<div class=\"wp-block-button is-style-outline aligncenter\"><a class=\"wp-block-button__link wp-element-button\" href=\"mailto:muzejni.kousek@elektrowin.cz\">Chci sd\u00edlet m\u016fj n\u00e1pad<\/a><\/div>\n<\/div><\/div>\n\n\n\n<p><\/p>\n<\/div>\n<\/div>\n\n\n\n<div class=\"wp-block-group alignwide is-layout-flow\"><div class=\"wp-block-group__inner-container\">\n<p class=\"has-accent-color has-text-color\" style=\"font-size:30px\"><strong>P\u0159\u00edb\u011bh recykla\u010dn\u00edho v\u00edkendu<\/strong> &#8211; kliknut\u00edm na obr\u00e1zek spust\u00edte online v\u00fdstavu &#8211; INDIHU (odkaz se otev\u0159e v nov\u00e9m okn\u011b)<\/p>\n\n\n\n<figure class=\"wp-block-image size-large is-resized\"><a href=\"https:\/\/exhibition.indihu.cz\/view\/pribeh-recyklacniho-vikendu\/start\" target=\"_blank\" rel=\"noopener noreferrer\"><img decoding=\"async\" loading=\"lazy\" src=\"https:\/\/www.recyklacnivikend.cz\/wp-content\/uploads\/2021\/10\/f800_moelzer_el_podniky_el_robot_1-1521x1080.jpg\" alt=\"\" class=\"wp-image-473\" width=\"1337\" height=\"949\" srcset=\"https:\/\/www.muzejnirecyklace.cz\/wp-content\/uploads\/2021\/10\/f800_moelzer_el_podniky_el_robot_1-1521x1080.jpg 1521w, https:\/\/www.muzejnirecyklace.cz\/wp-content\/uploads\/2021\/10\/f800_moelzer_el_podniky_el_robot_1-300x213.jpg 300w, https:\/\/www.muzejnirecyklace.cz\/wp-content\/uploads\/2021\/10\/f800_moelzer_el_podniky_el_robot_1-150x106.jpg 150w, https:\/\/www.muzejnirecyklace.cz\/wp-content\/uploads\/2021\/10\/f800_moelzer_el_podniky_el_robot_1-768x545.jpg 768w, https:\/\/www.muzejnirecyklace.cz\/wp-content\/uploads\/2021\/10\/f800_moelzer_el_podniky_el_robot_1-1536x1090.jpg 1536w, https:\/\/www.muzejnirecyklace.cz\/wp-content\/uploads\/2021\/10\/f800_moelzer_el_podniky_el_robot_1-1200x852.jpg 1200w, https:\/\/www.muzejnirecyklace.cz\/wp-content\/uploads\/2021\/10\/f800_moelzer_el_podniky_el_robot_1.jpg 1920w\" sizes=\"(max-width: 1337px) 100vw, 1337px\" \/><\/a><\/figure>\n<\/div><\/div>\n\n\n\n<p class=\"has-accent-color has-text-color\" style=\"font-size:30px\"><strong>Spot Recykla\u010dn\u00edho v\u00edkendu<\/strong><\/p>\n\n\n\n<figure class=\"wp-block-embed is-type-video is-provider-youtube wp-block-embed-youtube wp-embed-aspect-16-9 wp-has-aspect-ratio\"><div class=\"wp-block-embed__wrapper\">\n<iframe loading=\"lazy\" title=\"Recykla\u010dn\u00ed v\u00edkend 2022\" width=\"580\" height=\"326\" src=\"https:\/\/www.youtube.com\/embed\/-8_L2vHLpug?feature=oembed\" frameborder=\"0\" allow=\"accelerometer; autoplay; clipboard-write; encrypted-media; gyroscope; picture-in-picture\" allowfullscreen><\/iframe>\n<\/div><figcaption class=\"wp-element-caption\">Propaga\u010dn\u00ed spot akce<\/figcaption><\/figure>\n","protected":false},"excerpt":{"rendered":"<p>V\u00fdsledky sout\u011b\u017e\u00ed M\u00e1te doma star\u00fd spot\u0159ebi\u010d, kter\u00fd podle V\u00e1s u\u017e pat\u0159\u00ed do muzea nebo do star\u00e9ho \u017eeleza? P\u0159ipojte se k n\u00e1m v r\u00e1mci akce Recykla\u010dn\u00ed v\u00edkend a my V\u00e1m r\u00e1di porad\u00edme, jak se spot\u0159ebi\u010dem ekologicky nalo\u017eit. A pokud skon\u010d\u00ed v muzeu, t\u0159eba jej budete moci vid\u011bt i vystaven\u00fd. Recykla\u010dn\u00ed v\u00edkend se kon\u00e1 ve dnech 10. [&hellip;]<\/p>\n","protected":false},"author":2,"featured_media":0,"parent":0,"menu_order":0,"comment_status":"closed","ping_status":"closed","template":"templates\/template-full-width.php","meta":[],"_links":{"self":[{"href":"https:\/\/www.muzejnirecyklace.cz\/index.php?rest_route=\/wp\/v2\/pages\/10"}],"collection":[{"href":"https:\/\/www.muzejnirecyklace.cz\/index.php?rest_route=\/wp\/v2\/pages"}],"about":[{"href":"https:\/\/www.muzejnirecyklace.cz\/index.php?rest_route=\/wp\/v2\/types\/page"}],"author":[{"embeddable":true,"href":"https:\/\/www.muzejnirecyklace.cz\/index.php?rest_route=\/wp\/v2\/users\/2"}],"replies":[{"embeddable":true,"href":"https:\/\/www.muzejnirecyklace.cz\/index.php?rest_route=%2Fwp%2Fv2%2Fcomments&post=10"}],"version-history":[{"count":137,"href":"https:\/\/www.muzejnirecyklace.cz\/index.php?rest_route=\/wp\/v2\/pages\/10\/revisions"}],"predecessor-version":[{"id":857,"href":"https:\/\/www.muzejnirecyklace.cz\/index.php?rest_route=\/wp\/v2\/pages\/10\/revisions\/857"}],"wp:attachment":[{"href":"https:\/\/www.muzejnirecyklace.cz\/index.php?rest_route=%2Fwp%2Fv2%2Fmedia&parent=10"}],"curies":[{"name":"wp","href":"https:\/\/api.w.org\/{rel}","templated":true}]}}